{"id":31630,"date":"2023-01-20T11:15:44","date_gmt":"2023-01-20T10:15:44","guid":{"rendered":"https:\/\/shop.swissphotoclub.com\/product\/profoto-a2\/"},"modified":"2023-01-20T11:15:44","modified_gmt":"2023-01-20T10:15:44","slug":"profoto-a2","status":"publish","type":"product","link":"https:\/\/shop.swissphotoclub.com\/fr\/produit\/profoto-a2\/","title":{"rendered":"Profoto A2"},"content":{"rendered":"<p>Profoto A2<\/p>\n<ul>\n<li>Temps de recharge de la batterie de 115 minutes<\/li>\n<li>Port\u00e9e de fonctionnement jusqu&rsquo;\u00e0 100 m\u00e8tres<\/li>\n<li>500 grammes<\/li>\n<li>Temps de recyclage de 0,05 \u00e0 1,3 s<\/li>\n<li>La batterie fournit jusqu&rsquo;\u00e0 400 flashes \u00e0 pleine puissance (100 W)<\/li>\n<li>Compatible avec le Profoto AirX<\/li>\n<li>Mises \u00e0 jour instantan\u00e9es du micrologiciel avec l&rsquo;application Profoto Control<\/li>\n<\/ul>\n","protected":false},"excerpt":{"rendered":"<ul>\n<li>Temps de recharge de la batterie de 115 minutes<\/li>\n<li>Port\u00e9e de fonctionnement jusqu&rsquo;\u00e0 100 m\u00e8tres<\/li>\n<li>500 grammes<\/li>\n<li>Temps de recyclage de 0,05 \u00e0 1,3 s<\/li>\n<li>La batterie fournit jusqu&rsquo;\u00e0 400 flashes \u00e0 pleine puissance (100 W)<\/li>\n<li>Compatible avec le Profoto AirX<\/li>\n<li>Mises \u00e0 jour instantan\u00e9es du micrologiciel avec l&rsquo;application Profoto Control<\/li>\n<\/ul>\n","protected":false},"featured_media":31622,"template":"","meta":{"_crdt_document":""},"product_brand":[],"product_cat":[298],"product_tag":[],"class_list":{"0":"post-31630","1":"product","2":"type-product","3":"status-publish","4":"has-post-thumbnail","6":"product_cat-profoto-flashes-fr","8":"first","9":"instock","10":"featured","11":"taxable","12":"shipping-taxable","13":"purchasable","14":"product-type-simple"},"_links":{"self":[{"href":"https:\/\/shop.swissphotoclub.com\/fr\/wp-json\/wp\/v2\/product\/31630","targetHints":{"allow":["GET"]}}],"collection":[{"href":"https:\/\/shop.swissphotoclub.com\/fr\/wp-json\/wp\/v2\/product"}],"about":[{"href":"https:\/\/shop.swissphotoclub.com\/fr\/wp-json\/wp\/v2\/types\/product"}],"version-history":[{"count":0,"href":"https:\/\/shop.swissphotoclub.com\/fr\/wp-json\/wp\/v2\/product\/31630\/revisions"}],"wp:featuredmedia":[{"embeddable":true,"href":"https:\/\/shop.swissphotoclub.com\/fr\/wp-json\/wp\/v2\/media\/31622"}],"wp:attachment":[{"href":"https:\/\/shop.swissphotoclub.com\/fr\/wp-json\/wp\/v2\/media?parent=31630"}],"wp:term":[{"taxonomy":"product_brand","embeddable":true,"href":"https:\/\/shop.swissphotoclub.com\/fr\/wp-json\/wp\/v2\/product_brand?post=31630"},{"taxonomy":"product_cat","embeddable":true,"href":"https:\/\/shop.swissphotoclub.com\/fr\/wp-json\/wp\/v2\/product_cat?post=31630"},{"taxonomy":"product_tag","embeddable":true,"href":"https:\/\/shop.swissphotoclub.com\/fr\/wp-json\/wp\/v2\/product_tag?post=31630"}],"curies":[{"name":"wp","href":"https:\/\/api.w.org\/{rel}","templated":true}]}}