{"id":31883,"date":"2023-02-06T09:35:13","date_gmt":"2023-02-06T08:35:13","guid":{"rendered":"https:\/\/shop.swissphotoclub.com\/product\/profoto-softbox-rfi-3-octa-90-cm\/"},"modified":"2023-02-06T09:35:13","modified_gmt":"2023-02-06T08:35:13","slug":"profoto-softbox-rfi-3-octa-90-cm","status":"publish","type":"product","link":"https:\/\/shop.swissphotoclub.com\/fr\/produit\/profoto-softbox-rfi-3-octa-90-cm\/","title":{"rendered":"Profoto Softbox RFi 3&prime; octa (90 cm)"},"content":{"rendered":"<p>Une lumi\u00e8re octogonale de 90 x 47 cm, rev\u00eatement interne argent\u00e9 et tiges en acier, diffuseurs frontal et interne. N\u00e9cessite un RFi Speedring (vendu s\u00e9par\u00e9ment)<\/p>\n","protected":false},"excerpt":{"rendered":"<p>Une lumi\u00e8re octogonale de 90 x 47 cm, rev\u00eatement interne argent\u00e9 et tiges en acier, diffuseurs frontal et interne.<\/p>\n","protected":false},"featured_media":31870,"template":"","meta":{"_crdt_document":""},"product_brand":[],"product_cat":[295,300],"product_tag":[],"class_list":{"0":"post-31883","1":"product","2":"type-product","3":"status-publish","4":"has-post-thumbnail","6":"product_cat-flash-accessories-fr","7":"product_cat-profoto-modeleurs","9":"first","10":"instock","11":"taxable","12":"shipping-taxable","13":"purchasable","14":"product-type-simple"},"_links":{"self":[{"href":"https:\/\/shop.swissphotoclub.com\/fr\/wp-json\/wp\/v2\/product\/31883","targetHints":{"allow":["GET"]}}],"collection":[{"href":"https:\/\/shop.swissphotoclub.com\/fr\/wp-json\/wp\/v2\/product"}],"about":[{"href":"https:\/\/shop.swissphotoclub.com\/fr\/wp-json\/wp\/v2\/types\/product"}],"version-history":[{"count":0,"href":"https:\/\/shop.swissphotoclub.com\/fr\/wp-json\/wp\/v2\/product\/31883\/revisions"}],"wp:featuredmedia":[{"embeddable":true,"href":"https:\/\/shop.swissphotoclub.com\/fr\/wp-json\/wp\/v2\/media\/31870"}],"wp:attachment":[{"href":"https:\/\/shop.swissphotoclub.com\/fr\/wp-json\/wp\/v2\/media?parent=31883"}],"wp:term":[{"taxonomy":"product_brand","embeddable":true,"href":"https:\/\/shop.swissphotoclub.com\/fr\/wp-json\/wp\/v2\/product_brand?post=31883"},{"taxonomy":"product_cat","embeddable":true,"href":"https:\/\/shop.swissphotoclub.com\/fr\/wp-json\/wp\/v2\/product_cat?post=31883"},{"taxonomy":"product_tag","embeddable":true,"href":"https:\/\/shop.swissphotoclub.com\/fr\/wp-json\/wp\/v2\/product_tag?post=31883"}],"curies":[{"name":"wp","href":"https:\/\/api.w.org\/{rel}","templated":true}]}}