{"id":31885,"date":"2023-02-06T09:24:08","date_gmt":"2023-02-06T08:24:08","guid":{"rendered":"https:\/\/shop.swissphotoclub.com\/product\/profoto-softbox-rfi-60-x-90-cm\/"},"modified":"2023-03-09T09:11:26","modified_gmt":"2023-03-09T08:11:26","slug":"profoto-softbox-rfi-60-x-90-cm","status":"publish","type":"product","link":"https:\/\/shop.swissphotoclub.com\/fr\/produit\/profoto-softbox-rfi-60-x-90-cm\/","title":{"rendered":"Profoto Softbox RFi 60 x 90 cm"},"content":{"rendered":"<p>60 x 90 x 47 cm, rev\u00eatement int\u00e9rieur argent\u00e9 et tiges en acier, diffuseur frontal et int\u00e9rieur. N\u00e9cessite un <a href=\"https:\/\/shop.swissphotoclub.com\/fr\/produit\/profoto-rfi-speedring\/\" target=\"_blank\" rel=\"noopener\">RFi Speedring<\/a> (vendu s\u00e9par\u00e9ment)<\/p>\n","protected":false},"excerpt":{"rendered":"<p>60 x 90 x 47 cm, rev\u00eatement int\u00e9rieur argent\u00e9 et tiges en acier, diffuseur frontal et int\u00e9rieur.<\/p>\n<p>N\u00e9cessite un <a href=\"https:\/\/shop.swissphotoclub.com\/fr\/produit\/profoto-rfi-speedring\/\" target=\"_blank\" rel=\"noopener\">RFi Speedring<\/a> (vendu s\u00e9par\u00e9ment)<\/p>\n","protected":false},"featured_media":31845,"template":"","meta":{"_crdt_document":""},"product_brand":[],"product_cat":[295,300],"product_tag":[],"class_list":{"0":"post-31885","1":"product","2":"type-product","3":"status-publish","4":"has-post-thumbnail","6":"product_cat-flash-accessories-fr","7":"product_cat-profoto-modeleurs","9":"first","10":"instock","11":"taxable","12":"shipping-taxable","13":"purchasable","14":"product-type-simple"},"_links":{"self":[{"href":"https:\/\/shop.swissphotoclub.com\/fr\/wp-json\/wp\/v2\/product\/31885","targetHints":{"allow":["GET"]}}],"collection":[{"href":"https:\/\/shop.swissphotoclub.com\/fr\/wp-json\/wp\/v2\/product"}],"about":[{"href":"https:\/\/shop.swissphotoclub.com\/fr\/wp-json\/wp\/v2\/types\/product"}],"version-history":[{"count":1,"href":"https:\/\/shop.swissphotoclub.com\/fr\/wp-json\/wp\/v2\/product\/31885\/revisions"}],"predecessor-version":[{"id":32219,"href":"https:\/\/shop.swissphotoclub.com\/fr\/wp-json\/wp\/v2\/product\/31885\/revisions\/32219"}],"wp:featuredmedia":[{"embeddable":true,"href":"https:\/\/shop.swissphotoclub.com\/fr\/wp-json\/wp\/v2\/media\/31845"}],"wp:attachment":[{"href":"https:\/\/shop.swissphotoclub.com\/fr\/wp-json\/wp\/v2\/media?parent=31885"}],"wp:term":[{"taxonomy":"product_brand","embeddable":true,"href":"https:\/\/shop.swissphotoclub.com\/fr\/wp-json\/wp\/v2\/product_brand?post=31885"},{"taxonomy":"product_cat","embeddable":true,"href":"https:\/\/shop.swissphotoclub.com\/fr\/wp-json\/wp\/v2\/product_cat?post=31885"},{"taxonomy":"product_tag","embeddable":true,"href":"https:\/\/shop.swissphotoclub.com\/fr\/wp-json\/wp\/v2\/product_tag?post=31885"}],"curies":[{"name":"wp","href":"https:\/\/api.w.org\/{rel}","templated":true}]}}