{"id":31886,"date":"2023-02-06T09:20:56","date_gmt":"2023-02-06T08:20:56","guid":{"rendered":"https:\/\/shop.swissphotoclub.com\/product\/parapluie-profoto-deep-blanc-m-105-cm\/"},"modified":"2023-02-06T09:20:56","modified_gmt":"2023-02-06T08:20:56","slug":"profoto-umbrella-deep-white-m-105-cm","status":"publish","type":"product","link":"https:\/\/shop.swissphotoclub.com\/fr\/produit\/profoto-umbrella-deep-white-m-105-cm\/","title":{"rendered":"Parapluie Profoto \u00ab\u00a0Deep\u00a0\u00bb Blanc M 105 cm"},"content":{"rendered":"<p>Le parapluie Profoto Deep S est unique. Petit et l\u00e9ger, il conserve une forme parabolique profonde. Cette forme permet au photographe de mieux contr\u00f4ler le faisceau lumineux. Il permet \u00e9galement de focaliser et de fa\u00e7onner la lumi\u00e8re en faisant simplement glisser la tige dans le support. Le parapluie Profoto Deep S est disponible en trois versions : argent, blanc et translucide. La version blanche cr\u00e9e une lumi\u00e8re douce mais directe, parfaite pour les portraits et la beaut\u00e9. Ajoutez le diffuseur en option pour obtenir une lumi\u00e8re plus douce et plus homog\u00e8ne.<\/p>\n<ul>\n<li>Forme plus profonde pour un meilleur contr\u00f4le et une mise en forme pr\u00e9cise de la lumi\u00e8re.<\/li>\n<li>Tr\u00e8s l\u00e9ger et portable<\/li>\n<li>16 nervures en fibre de verre pour une forme plus ronde et une meilleure r\u00e9partition de la lumi\u00e8re<\/li>\n<li>Tr\u00e8s facile \u00e0 utiliser<\/li>\n<li>Tissus de haute qualit\u00e9, r\u00e9sistants \u00e0 la chaleur<\/li>\n<li>\u00c9l\u00e9ments m\u00e9talliques trait\u00e9s contre la corrosion et la d\u00e9coloration<\/li>\n<li>Diffuseur disponible en option pour une lumi\u00e8re plus douce et une distribution plus uniforme.<\/li>\n<li>Livr\u00e9 dans un sac de haute qualit\u00e9 qui prot\u00e8ge le parapluie pendant le stockage.<\/li>\n<\/ul>\n","protected":false},"excerpt":{"rendered":"<p>Petit et l\u00e9ger, il conserve une forme parabolique profonde.<\/p>\n","protected":false},"featured_media":31840,"template":"","meta":{"_crdt_document":""},"product_brand":[],"product_cat":[300,295],"product_tag":[],"class_list":{"0":"post-31886","1":"product","2":"type-product","3":"status-publish","4":"has-post-thumbnail","6":"product_cat-profoto-modeleurs","7":"product_cat-flash-accessories-fr","9":"first","10":"instock","11":"taxable","12":"shipping-taxable","13":"purchasable","14":"product-type-simple"},"_links":{"self":[{"href":"https:\/\/shop.swissphotoclub.com\/fr\/wp-json\/wp\/v2\/product\/31886","targetHints":{"allow":["GET"]}}],"collection":[{"href":"https:\/\/shop.swissphotoclub.com\/fr\/wp-json\/wp\/v2\/product"}],"about":[{"href":"https:\/\/shop.swissphotoclub.com\/fr\/wp-json\/wp\/v2\/types\/product"}],"version-history":[{"count":0,"href":"https:\/\/shop.swissphotoclub.com\/fr\/wp-json\/wp\/v2\/product\/31886\/revisions"}],"wp:featuredmedia":[{"embeddable":true,"href":"https:\/\/shop.swissphotoclub.com\/fr\/wp-json\/wp\/v2\/media\/31840"}],"wp:attachment":[{"href":"https:\/\/shop.swissphotoclub.com\/fr\/wp-json\/wp\/v2\/media?parent=31886"}],"wp:term":[{"taxonomy":"product_brand","embeddable":true,"href":"https:\/\/shop.swissphotoclub.com\/fr\/wp-json\/wp\/v2\/product_brand?post=31886"},{"taxonomy":"product_cat","embeddable":true,"href":"https:\/\/shop.swissphotoclub.com\/fr\/wp-json\/wp\/v2\/product_cat?post=31886"},{"taxonomy":"product_tag","embeddable":true,"href":"https:\/\/shop.swissphotoclub.com\/fr\/wp-json\/wp\/v2\/product_tag?post=31886"}],"curies":[{"name":"wp","href":"https:\/\/api.w.org\/{rel}","templated":true}]}}