{"id":31887,"date":"2023-02-06T09:01:33","date_gmt":"2023-02-06T08:01:33","guid":{"rendered":"https:\/\/shop.swissphotoclub.com\/product\/profoto-ocf-magnum-reflector\/"},"modified":"2023-02-06T09:43:54","modified_gmt":"2023-02-06T08:43:54","slug":"profoto-ocf-magnum-reflector","status":"publish","type":"product","link":"https:\/\/shop.swissphotoclub.com\/fr\/produit\/profoto-ocf-magnum-reflector\/","title":{"rendered":"Profoto OCF Magnum Reflector"},"content":{"rendered":"<p><strong>Profoto OCF Magnum Reflector<\/strong><\/p>\n<ul>\n<li>Conception compacte et l\u00e9g\u00e8re pour une utilisation en ext\u00e9rieur.<\/li>\n<li>Jusqu&rsquo;\u00e0 2 diaphragmes de luminosit\u00e9 suppl\u00e9mentaire.<\/li>\n<li>Cr\u00e9e un faisceau de lumi\u00e8re uniforme, avec une gradation progressive.<\/li>\n<li>Fonction zoom pour ajuster le faisceau lumineux : fa\u00e7onnez la lumi\u00e8re en faisant simplement glisser le r\u00e9flecteur de la t\u00eate vers l&rsquo;avant ou l&rsquo;arri\u00e8re.<\/li>\n<li>Faisceau lumineux r\u00e9glable de 40 \u00e0 80\u00b0 avec les monoblocs Profoto<\/li>\n<li>\u00c9tui de protection inclus.<\/li>\n<li>Con\u00e7u pour r\u00e9sister \u00e0 des ann\u00e9es d&rsquo;utilisation professionnelle.<\/li>\n<\/ul>\n","protected":false},"excerpt":{"rendered":"<p>Conception compacte et l\u00e9g\u00e8re pour une utilisation en ext\u00e9rieur.<\/p>\n","protected":false},"featured_media":31824,"template":"","meta":{"_crdt_document":""},"product_brand":[],"product_cat":[295,300],"product_tag":[],"class_list":{"0":"post-31887","1":"product","2":"type-product","3":"status-publish","4":"has-post-thumbnail","6":"product_cat-flash-accessories-fr","7":"product_cat-profoto-modeleurs","9":"first","10":"instock","11":"taxable","12":"shipping-taxable","13":"purchasable","14":"product-type-simple"},"_links":{"self":[{"href":"https:\/\/shop.swissphotoclub.com\/fr\/wp-json\/wp\/v2\/product\/31887","targetHints":{"allow":["GET"]}}],"collection":[{"href":"https:\/\/shop.swissphotoclub.com\/fr\/wp-json\/wp\/v2\/product"}],"about":[{"href":"https:\/\/shop.swissphotoclub.com\/fr\/wp-json\/wp\/v2\/types\/product"}],"version-history":[{"count":1,"href":"https:\/\/shop.swissphotoclub.com\/fr\/wp-json\/wp\/v2\/product\/31887\/revisions"}],"predecessor-version":[{"id":31888,"href":"https:\/\/shop.swissphotoclub.com\/fr\/wp-json\/wp\/v2\/product\/31887\/revisions\/31888"}],"wp:featuredmedia":[{"embeddable":true,"href":"https:\/\/shop.swissphotoclub.com\/fr\/wp-json\/wp\/v2\/media\/31824"}],"wp:attachment":[{"href":"https:\/\/shop.swissphotoclub.com\/fr\/wp-json\/wp\/v2\/media?parent=31887"}],"wp:term":[{"taxonomy":"product_brand","embeddable":true,"href":"https:\/\/shop.swissphotoclub.com\/fr\/wp-json\/wp\/v2\/product_brand?post=31887"},{"taxonomy":"product_cat","embeddable":true,"href":"https:\/\/shop.swissphotoclub.com\/fr\/wp-json\/wp\/v2\/product_cat?post=31887"},{"taxonomy":"product_tag","embeddable":true,"href":"https:\/\/shop.swissphotoclub.com\/fr\/wp-json\/wp\/v2\/product_tag?post=31887"}],"curies":[{"name":"wp","href":"https:\/\/api.w.org\/{rel}","templated":true}]}}