{"id":31889,"date":"2023-01-20T12:32:44","date_gmt":"2023-01-20T11:32:44","guid":{"rendered":"https:\/\/shop.swissphotoclub.com\/product\/profoto-air-remote\/"},"modified":"2023-01-20T12:32:44","modified_gmt":"2023-01-20T11:32:44","slug":"profoto-air-remote","status":"publish","type":"product","link":"https:\/\/shop.swissphotoclub.com\/fr\/produit\/profoto-air-remote\/","title":{"rendered":"Profoto Air Remote"},"content":{"rendered":"<p><strong>Profoto Air Remote<\/strong><\/p>\n<p>La t\u00e9l\u00e9commande Air Remote standard permet la synchronisation et le contr\u00f4le sans fil des flashes Profoto avec syst\u00e8me Air int\u00e9gr\u00e9 \u00e0 partir d&rsquo;un appareil photo \u00e0 griffe. Contrairement \u00e0 l&rsquo;Air Remote TTL-S (pour Sony), l&rsquo;Air Remote TTL-N (pour Nikon) et l&rsquo;Air Remote TTL-C (pour Canon), l&rsquo;Air Remote ne fournit pas de fonctionnalit\u00e9 TTL ou HSS. Cependant, il vous permet \u00e9galement de photographier sans c\u00e2bles ni contraintes. La port\u00e9e de fonctionnement de 300 m (1 000 ft) est \u00e9galement identique. L&rsquo;Air Remote utilise le syst\u00e8me le plus rapide du monde pour la synchronisation radio et la t\u00e9l\u00e9commande. Il vous permet de photographier plus rapidement et de mani\u00e8re plus fiable.<\/p>\n<p><strong>Caract\u00e9ristiques<\/strong><\/p>\n<ul>\n<li>Le syst\u00e8me de synchronisation radio et de t\u00e9l\u00e9commande le plus rapide au monde, suffisamment rapide pour \u00e9galer les performances d&rsquo;un c\u00e2ble de synchronisation.<\/li>\n<li>Port\u00e9e de fonctionnement in\u00e9gal\u00e9e de 300 m<\/li>\n<li>Bande de fr\u00e9quence ouverte (2,4 GHz)<\/li>\n<li>Approuv\u00e9 pour une utilisation dans le monde entier<\/li>\n<li>Petit et pratique<\/li>\n<li>Peut \u00eatre utilis\u00e9 pour synchroniser n&rsquo;importe quelle marque de flash.<\/li>\n<li>Peut \u00eatre utilis\u00e9 comme un d\u00e9clencheur \u00e0 distance pour la plupart des appareils photo.<\/li>\n<li>Peut \u00eatre utilis\u00e9 comme une t\u00e9l\u00e9commande pour les flashes Profoto avec syst\u00e8me Air int\u00e9gr\u00e9<\/li>\n<\/ul>\n","protected":false},"excerpt":{"rendered":"<p>Le syst\u00e8me Air Remote comprend toutes les caract\u00e9ristiques du syst\u00e8me Air Sync, plus la possibilit\u00e9 de r\u00e9gler \u00e0 distance n&rsquo;importe quel flash avec Air Sync int\u00e9gr\u00e9.<\/p>\n","protected":false},"featured_media":31736,"template":"","meta":{"_crdt_document":""},"product_brand":[],"product_cat":[301],"product_tag":[],"class_list":{"0":"post-31889","1":"product","2":"type-product","3":"status-publish","4":"has-post-thumbnail","6":"product_cat-profoto-telecommandes-air","8":"first","9":"instock","10":"taxable","11":"shipping-taxable","12":"purchasable","13":"product-type-simple"},"_links":{"self":[{"href":"https:\/\/shop.swissphotoclub.com\/fr\/wp-json\/wp\/v2\/product\/31889","targetHints":{"allow":["GET"]}}],"collection":[{"href":"https:\/\/shop.swissphotoclub.com\/fr\/wp-json\/wp\/v2\/product"}],"about":[{"href":"https:\/\/shop.swissphotoclub.com\/fr\/wp-json\/wp\/v2\/types\/product"}],"version-history":[{"count":0,"href":"https:\/\/shop.swissphotoclub.com\/fr\/wp-json\/wp\/v2\/product\/31889\/revisions"}],"wp:featuredmedia":[{"embeddable":true,"href":"https:\/\/shop.swissphotoclub.com\/fr\/wp-json\/wp\/v2\/media\/31736"}],"wp:attachment":[{"href":"https:\/\/shop.swissphotoclub.com\/fr\/wp-json\/wp\/v2\/media?parent=31889"}],"wp:term":[{"taxonomy":"product_brand","embeddable":true,"href":"https:\/\/shop.swissphotoclub.com\/fr\/wp-json\/wp\/v2\/product_brand?post=31889"},{"taxonomy":"product_cat","embeddable":true,"href":"https:\/\/shop.swissphotoclub.com\/fr\/wp-json\/wp\/v2\/product_cat?post=31889"},{"taxonomy":"product_tag","embeddable":true,"href":"https:\/\/shop.swissphotoclub.com\/fr\/wp-json\/wp\/v2\/product_tag?post=31889"}],"curies":[{"name":"wp","href":"https:\/\/api.w.org\/{rel}","templated":true}]}}