{"id":31891,"date":"2023-01-20T12:21:14","date_gmt":"2023-01-20T11:21:14","guid":{"rendered":"https:\/\/shop.swissphotoclub.com\/product\/profoto-air-ttl\/"},"modified":"2023-01-20T12:21:14","modified_gmt":"2023-01-20T11:21:14","slug":"profoto-air-ttl","status":"publish","type":"product","link":"https:\/\/shop.swissphotoclub.com\/fr\/produit\/profoto-air-ttl\/","title":{"rendered":"Profoto Air TTL"},"content":{"rendered":"<p>Profoto Air TTL<\/p>\n<p>Connectez ce petit module \u00e0 votre bo\u00eetier Nikon et reliez sans fil votre appareil photo au flash AirTTL avec une port\u00e9e allant jusqu&rsquo;\u00e0 300m.<\/p>\n","protected":false},"excerpt":{"rendered":"<p>Disponible pour Canon, Nikon, Sony, Fujifilm, Olympus\/Panasonic.<\/p>\n","protected":false},"featured_media":31723,"template":"","meta":{"_crdt_document":""},"product_brand":[],"product_cat":[301],"product_tag":[],"class_list":{"0":"post-31891","1":"product","2":"type-product","3":"status-publish","4":"has-post-thumbnail","6":"product_cat-profoto-telecommandes-air","8":"first","9":"instock","10":"taxable","11":"shipping-taxable","12":"purchasable","13":"product-type-variable"},"_links":{"self":[{"href":"https:\/\/shop.swissphotoclub.com\/fr\/wp-json\/wp\/v2\/product\/31891","targetHints":{"allow":["GET"]}}],"collection":[{"href":"https:\/\/shop.swissphotoclub.com\/fr\/wp-json\/wp\/v2\/product"}],"about":[{"href":"https:\/\/shop.swissphotoclub.com\/fr\/wp-json\/wp\/v2\/types\/product"}],"version-history":[{"count":0,"href":"https:\/\/shop.swissphotoclub.com\/fr\/wp-json\/wp\/v2\/product\/31891\/revisions"}],"wp:featuredmedia":[{"embeddable":true,"href":"https:\/\/shop.swissphotoclub.com\/fr\/wp-json\/wp\/v2\/media\/31723"}],"wp:attachment":[{"href":"https:\/\/shop.swissphotoclub.com\/fr\/wp-json\/wp\/v2\/media?parent=31891"}],"wp:term":[{"taxonomy":"product_brand","embeddable":true,"href":"https:\/\/shop.swissphotoclub.com\/fr\/wp-json\/wp\/v2\/product_brand?post=31891"},{"taxonomy":"product_cat","embeddable":true,"href":"https:\/\/shop.swissphotoclub.com\/fr\/wp-json\/wp\/v2\/product_cat?post=31891"},{"taxonomy":"product_tag","embeddable":true,"href":"https:\/\/shop.swissphotoclub.com\/fr\/wp-json\/wp\/v2\/product_tag?post=31891"}],"curies":[{"name":"wp","href":"https:\/\/api.w.org\/{rel}","templated":true}]}}