{"id":31897,"date":"2023-01-20T12:16:22","date_gmt":"2023-01-20T11:16:22","guid":{"rendered":"https:\/\/shop.swissphotoclub.com\/product\/profoto-connect\/"},"modified":"2023-01-20T12:16:22","modified_gmt":"2023-01-20T11:16:22","slug":"profoto-connect","status":"publish","type":"product","link":"https:\/\/shop.swissphotoclub.com\/fr\/produit\/profoto-connect\/","title":{"rendered":"Profoto Connect"},"content":{"rendered":"<p>Avec Profoto Connect, vous pouvez cr\u00e9er une lumi\u00e8re naturelle en permanence, avec la plus grande facilit\u00e9. Le syst\u00e8me ne comporte pas de boutons et seulement trois r\u00e9glages : automatique, manuel et d\u00e9sactiv\u00e9.<\/p>\n","protected":false},"excerpt":{"rendered":"<p>Disponible pour Canon, Nikon, Sony, Fujifilm, Olympus\/Panasonic.<\/p>\n","protected":false},"featured_media":31707,"template":"","meta":{"_crdt_document":""},"product_brand":[],"product_cat":[301],"product_tag":[],"class_list":{"0":"post-31897","1":"product","2":"type-product","3":"status-publish","4":"has-post-thumbnail","6":"product_cat-profoto-telecommandes-air","8":"first","9":"instock","10":"taxable","11":"shipping-taxable","12":"purchasable","13":"product-type-variable"},"_links":{"self":[{"href":"https:\/\/shop.swissphotoclub.com\/fr\/wp-json\/wp\/v2\/product\/31897","targetHints":{"allow":["GET"]}}],"collection":[{"href":"https:\/\/shop.swissphotoclub.com\/fr\/wp-json\/wp\/v2\/product"}],"about":[{"href":"https:\/\/shop.swissphotoclub.com\/fr\/wp-json\/wp\/v2\/types\/product"}],"version-history":[{"count":0,"href":"https:\/\/shop.swissphotoclub.com\/fr\/wp-json\/wp\/v2\/product\/31897\/revisions"}],"wp:featuredmedia":[{"embeddable":true,"href":"https:\/\/shop.swissphotoclub.com\/fr\/wp-json\/wp\/v2\/media\/31707"}],"wp:attachment":[{"href":"https:\/\/shop.swissphotoclub.com\/fr\/wp-json\/wp\/v2\/media?parent=31897"}],"wp:term":[{"taxonomy":"product_brand","embeddable":true,"href":"https:\/\/shop.swissphotoclub.com\/fr\/wp-json\/wp\/v2\/product_brand?post=31897"},{"taxonomy":"product_cat","embeddable":true,"href":"https:\/\/shop.swissphotoclub.com\/fr\/wp-json\/wp\/v2\/product_cat?post=31897"},{"taxonomy":"product_tag","embeddable":true,"href":"https:\/\/shop.swissphotoclub.com\/fr\/wp-json\/wp\/v2\/product_tag?post=31897"}],"curies":[{"name":"wp","href":"https:\/\/api.w.org\/{rel}","templated":true}]}}