{"id":31911,"date":"2023-01-20T11:58:27","date_gmt":"2023-01-20T10:58:27","guid":{"rendered":"https:\/\/shop.swissphotoclub.com\/product\/profoto-b10x-duo-kit\/"},"modified":"2024-01-01T00:01:54","modified_gmt":"2023-12-31T23:01:54","slug":"profoto-b10x-duo-kit","status":"publish","type":"product","link":"https:\/\/shop.swissphotoclub.com\/fr\/produit\/profoto-b10x-duo-kit\/","title":{"rendered":"Profoto B10X Duo Kit"},"content":{"rendered":"<p>Profoto B10X Duo Kit<\/p>\n<ul>\n<li>2 B10X avec housse de protection<\/li>\n<li>2 adaptateurs pour tr\u00e9pieds<\/li>\n<li>2 batteries Li-Ion<\/li>\n<li>2 chargeurs<\/li>\n<li>1 sac \u00e0 dos Core S<\/li>\n<\/ul>\n","protected":false},"excerpt":{"rendered":"<ul>\n<li>2 B10X avec housse de protection<\/li>\n<li>2 adaptateurs pour tr\u00e9pieds<\/li>\n<li>2 batteries Li-Ion<\/li>\n<li>2 chargeurs<\/li>\n<li>1 sac \u00e0 dos Core S<\/li>\n<\/ul>\n<h3>PROMOTION<\/h3>\n<p>Commandez ce produit et recevez l&rsquo;un des \u00e9l\u00e9ments suivants (informez-nous par e-mail apr\u00e8s votre commande) :<\/p>\n<ul>\n<li>Gratuit 2 x <strong>batteries<\/strong> Li-Ion<\/li>\n<li>Gratuit 1 x Li-Ion <strong>Battery<\/strong> + <strong><a href=\"https:\/\/shop.swissphotoclub.com\/fr\/produit\/profoto-connect\/\">Connect remote<\/a><\/strong><\/li>\n<li>Gratuit <a href=\"https:\/\/shop.swissphotoclub.com\/fr\/produit\/profoto-connect-pro\/\"><strong>Connect Pro remote<\/strong><\/a> pour votre marque d&rsquo;appareil photo<\/li>\n<\/ul>\n","protected":false},"featured_media":31673,"template":"","meta":{"_crdt_document":""},"product_brand":[],"product_cat":[298],"product_tag":[],"class_list":{"0":"post-31911","1":"product","2":"type-product","3":"status-publish","4":"has-post-thumbnail","6":"product_cat-profoto-flashes-fr","8":"first","9":"instock","10":"taxable","11":"shipping-taxable","12":"purchasable","13":"product-type-simple"},"_links":{"self":[{"href":"https:\/\/shop.swissphotoclub.com\/fr\/wp-json\/wp\/v2\/product\/31911","targetHints":{"allow":["GET"]}}],"collection":[{"href":"https:\/\/shop.swissphotoclub.com\/fr\/wp-json\/wp\/v2\/product"}],"about":[{"href":"https:\/\/shop.swissphotoclub.com\/fr\/wp-json\/wp\/v2\/types\/product"}],"version-history":[{"count":1,"href":"https:\/\/shop.swissphotoclub.com\/fr\/wp-json\/wp\/v2\/product\/31911\/revisions"}],"predecessor-version":[{"id":32554,"href":"https:\/\/shop.swissphotoclub.com\/fr\/wp-json\/wp\/v2\/product\/31911\/revisions\/32554"}],"wp:featuredmedia":[{"embeddable":true,"href":"https:\/\/shop.swissphotoclub.com\/fr\/wp-json\/wp\/v2\/media\/31673"}],"wp:attachment":[{"href":"https:\/\/shop.swissphotoclub.com\/fr\/wp-json\/wp\/v2\/media?parent=31911"}],"wp:term":[{"taxonomy":"product_brand","embeddable":true,"href":"https:\/\/shop.swissphotoclub.com\/fr\/wp-json\/wp\/v2\/product_brand?post=31911"},{"taxonomy":"product_cat","embeddable":true,"href":"https:\/\/shop.swissphotoclub.com\/fr\/wp-json\/wp\/v2\/product_cat?post=31911"},{"taxonomy":"product_tag","embeddable":true,"href":"https:\/\/shop.swissphotoclub.com\/fr\/wp-json\/wp\/v2\/product_tag?post=31911"}],"curies":[{"name":"wp","href":"https:\/\/api.w.org\/{rel}","templated":true}]}}