{"id":31912,"date":"2023-01-20T11:49:28","date_gmt":"2023-01-20T10:49:28","guid":{"rendered":"https:\/\/shop.swissphotoclub.com\/product\/profoto-b10x\/"},"modified":"2024-01-01T00:01:54","modified_gmt":"2023-12-31T23:01:54","slug":"profoto-b10x","status":"publish","type":"product","link":"https:\/\/shop.swissphotoclub.com\/fr\/produit\/profoto-b10x\/","title":{"rendered":"Profoto B10X"},"content":{"rendered":"<p>Profoto B10X<\/p>\n<ul>\n<li>Puissance du flash 250 Ws<\/li>\n<li>Temps de recyclage du flash 0,05 \u00e0 1,3 secondes<\/li>\n<li>Capacit\u00e9 de la batterie 400 flashs \u00e0 pleine puissance<\/li>\n<li>Lumi\u00e8re continue 3250 lumens<\/li>\n<li>Poids total 1,5 kg<\/li>\n<li>Diam\u00e8tre 10 cm<\/li>\n<li>Longueur 17,5 cm<\/li>\n<\/ul>\n","protected":false},"excerpt":{"rendered":"<ul>\n<li>Puissance du flash 250 Ws<\/li>\n<li>Temps de recyclage du flash 0,05 \u00e0 1,3 secondes<\/li>\n<li>Capacit\u00e9 de la batterie 400 flashs \u00e0 pleine puissance<\/li>\n<li>Lumi\u00e8re continue 3250 lumens<\/li>\n<li>Poids total 1,5 kg<\/li>\n<li>Diam\u00e8tre 10 cm<\/li>\n<li>Longueur 17,5 cm<\/li>\n<\/ul>\n<h3>PROMOTION<\/h3>\n<p>Commandez ce produit et recevez l&rsquo;un des \u00e9l\u00e9ments suivants (informez-nous par e-mail apr\u00e8s votre commande) :<\/p>\n<ul>\n<li>Gratuit <strong><a href=\"https:\/\/shop.swissphotoclub.com\/fr\/produit\/profoto-connect\/\">Connect remote<\/a><\/strong><\/li>\n<li>Gratuit Li-Ion <strong>batterie<\/strong><\/li>\n<li>50% de r\u00e9duction sur une <a href=\"https:\/\/shop.swissphotoclub.com\/fr\/produit\/profoto-connect-pro\/\"><strong>t\u00e9l\u00e9commande Connect Pro<\/strong><\/a> pour votre marque d&rsquo;appareil photo<\/li>\n<\/ul>\n","protected":false},"featured_media":31654,"template":"","meta":{"_crdt_document":""},"product_brand":[],"product_cat":[298],"product_tag":[],"class_list":{"0":"post-31912","1":"product","2":"type-product","3":"status-publish","4":"has-post-thumbnail","6":"product_cat-profoto-flashes-fr","8":"first","9":"instock","10":"featured","11":"taxable","12":"shipping-taxable","13":"purchasable","14":"product-type-simple"},"_links":{"self":[{"href":"https:\/\/shop.swissphotoclub.com\/fr\/wp-json\/wp\/v2\/product\/31912","targetHints":{"allow":["GET"]}}],"collection":[{"href":"https:\/\/shop.swissphotoclub.com\/fr\/wp-json\/wp\/v2\/product"}],"about":[{"href":"https:\/\/shop.swissphotoclub.com\/fr\/wp-json\/wp\/v2\/types\/product"}],"version-history":[{"count":1,"href":"https:\/\/shop.swissphotoclub.com\/fr\/wp-json\/wp\/v2\/product\/31912\/revisions"}],"predecessor-version":[{"id":32558,"href":"https:\/\/shop.swissphotoclub.com\/fr\/wp-json\/wp\/v2\/product\/31912\/revisions\/32558"}],"wp:featuredmedia":[{"embeddable":true,"href":"https:\/\/shop.swissphotoclub.com\/fr\/wp-json\/wp\/v2\/media\/31654"}],"wp:attachment":[{"href":"https:\/\/shop.swissphotoclub.com\/fr\/wp-json\/wp\/v2\/media?parent=31912"}],"wp:term":[{"taxonomy":"product_brand","embeddable":true,"href":"https:\/\/shop.swissphotoclub.com\/fr\/wp-json\/wp\/v2\/product_brand?post=31912"},{"taxonomy":"product_cat","embeddable":true,"href":"https:\/\/shop.swissphotoclub.com\/fr\/wp-json\/wp\/v2\/product_cat?post=31912"},{"taxonomy":"product_tag","embeddable":true,"href":"https:\/\/shop.swissphotoclub.com\/fr\/wp-json\/wp\/v2\/product_tag?post=31912"}],"curies":[{"name":"wp","href":"https:\/\/api.w.org\/{rel}","templated":true}]}}