{"id":31924,"date":"2023-02-06T09:16:33","date_gmt":"2023-02-06T08:16:33","guid":{"rendered":"https:\/\/shop.swissphotoclub.com\/product\/profoto-bol-de-beaute-reflecteur-blanc\/"},"modified":"2023-02-06T09:16:33","modified_gmt":"2023-02-06T08:16:33","slug":"profoto-beauty-dish-reflector-white","status":"publish","type":"product","link":"https:\/\/shop.swissphotoclub.com\/fr\/produit\/profoto-beauty-dish-reflector-white\/","title":{"rendered":"Profoto bol de beaut\u00e9 r\u00e9flecteur blanc"},"content":{"rendered":"<p>Il offre la combinaison parfaite d&rsquo;une lumi\u00e8re uniforme et d&rsquo;une d\u00e9finition et d&rsquo;un contraste brillants. L&rsquo;effet obtenu est un aspect pur et naturel avec des ombres l\u00e9g\u00e8rement accentu\u00e9es, souvent id\u00e9al pour les portraits et les photographies de personnes. Le mod\u00e8le blanc fournit une lumi\u00e8re plus douce et l\u00e9g\u00e8rement plus uniforme que son homologue argent\u00e9.<\/p>\n<ul>\n<li>Distribution de la lumi\u00e8re : 65\u00b0 \u00e0 la position 4<\/li>\n<li>Mesure \u00e0 2m avec 2400Ws \u00e0 ISO 100 : f\/32.4 \u00e0 la position du zoom 4<\/li>\n<li>Con\u00e7u pour r\u00e9sister \u00e0 des ann\u00e9es d&rsquo;utilisation professionnelle<\/li>\n<\/ul>\n","protected":false},"excerpt":{"rendered":"<p>Il offre la combinaison parfaite d&rsquo;une lumi\u00e8re uniforme et d&rsquo;une d\u00e9finition et d&rsquo;un contraste brillants.<\/p>\n","protected":false},"featured_media":31835,"template":"","meta":{"_crdt_document":""},"product_brand":[],"product_cat":[295,300],"product_tag":[],"class_list":{"0":"post-31924","1":"product","2":"type-product","3":"status-publish","4":"has-post-thumbnail","6":"product_cat-flash-accessories-fr","7":"product_cat-profoto-modeleurs","9":"first","10":"instock","11":"taxable","12":"shipping-taxable","13":"purchasable","14":"product-type-simple"},"_links":{"self":[{"href":"https:\/\/shop.swissphotoclub.com\/fr\/wp-json\/wp\/v2\/product\/31924","targetHints":{"allow":["GET"]}}],"collection":[{"href":"https:\/\/shop.swissphotoclub.com\/fr\/wp-json\/wp\/v2\/product"}],"about":[{"href":"https:\/\/shop.swissphotoclub.com\/fr\/wp-json\/wp\/v2\/types\/product"}],"version-history":[{"count":0,"href":"https:\/\/shop.swissphotoclub.com\/fr\/wp-json\/wp\/v2\/product\/31924\/revisions"}],"wp:featuredmedia":[{"embeddable":true,"href":"https:\/\/shop.swissphotoclub.com\/fr\/wp-json\/wp\/v2\/media\/31835"}],"wp:attachment":[{"href":"https:\/\/shop.swissphotoclub.com\/fr\/wp-json\/wp\/v2\/media?parent=31924"}],"wp:term":[{"taxonomy":"product_brand","embeddable":true,"href":"https:\/\/shop.swissphotoclub.com\/fr\/wp-json\/wp\/v2\/product_brand?post=31924"},{"taxonomy":"product_cat","embeddable":true,"href":"https:\/\/shop.swissphotoclub.com\/fr\/wp-json\/wp\/v2\/product_cat?post=31924"},{"taxonomy":"product_tag","embeddable":true,"href":"https:\/\/shop.swissphotoclub.com\/fr\/wp-json\/wp\/v2\/product_tag?post=31924"}],"curies":[{"name":"wp","href":"https:\/\/api.w.org\/{rel}","templated":true}]}}