{"id":32182,"date":"2023-03-09T08:45:16","date_gmt":"2023-03-09T07:45:16","guid":{"rendered":"https:\/\/shop.swissphotoclub.com\/?post_type=product&#038;p=32182"},"modified":"2024-01-01T00:01:55","modified_gmt":"2023-12-31T23:01:55","slug":"profoto-b10x-plus","status":"publish","type":"product","link":"https:\/\/shop.swissphotoclub.com\/fr\/produit\/profoto-b10x-plus\/","title":{"rendered":"Profoto B10X Plus"},"content":{"rendered":"<p>Profoto B10X Plus<\/p>\n<ul>\n<li>Puissance du flash 500 Ws<\/li>\n<li>Temps de recyclage du flash 0.05 \u00e0 2.2 secondes<\/li>\n<li>Capacit\u00e9 de la batterie 200 \u00e9clairs \u00e0 pleine puissance.<\/li>\n<li>Lumi\u00e8re continue 3250 lumens<\/li>\n<li>Poids total 1.9 kg<\/li>\n<li>Diam\u00e8tre 10 cm<\/li>\n<li>Longueur 23.5 cm<\/li>\n<\/ul>\n","protected":false},"excerpt":{"rendered":"<ul>\n<li>Puissance du flash 500 Ws<\/li>\n<li>Temps de recyclage du flash 0.05 \u00e0 2.2 secondes<\/li>\n<li>Capacit\u00e9 de la batterie 200 \u00e9clairs \u00e0 pleine puissance.<\/li>\n<li>Lumi\u00e8re continue 3250 lumens<\/li>\n<li>Poids total 1.9 kg<\/li>\n<li>Diam\u00e8tre 10 cm<\/li>\n<li>Longueur 23.5 cm<\/li>\n<\/ul>\n<h3>PROMOTION<\/h3>\n<p>Commandez ce produit et recevez l&rsquo;un des \u00e9l\u00e9ments suivants (informez-nous par e-mail apr\u00e8s votre commande) :<\/p>\n<ul>\n<li>Gratuit <strong><a href=\"https:\/\/shop.swissphotoclub.com\/fr\/produit\/profoto-connect\/\">Connect remote<\/a><\/strong><\/li>\n<li>Gratuit Li-Ion <strong>batterie<\/strong><\/li>\n<li>50% de r\u00e9duction sur une <a href=\"https:\/\/shop.swissphotoclub.com\/fr\/produit\/profoto-connect-pro\/\"><strong>t\u00e9l\u00e9commande Connect Pro<\/strong><\/a> pour votre marque d&rsquo;appareil photo<\/li>\n<\/ul>\n","protected":false},"featured_media":32194,"template":"","meta":{"_crdt_document":""},"product_brand":[],"product_cat":[298],"product_tag":[],"class_list":{"0":"post-32182","1":"product","2":"type-product","3":"status-publish","4":"has-post-thumbnail","6":"product_cat-profoto-flashes-fr","8":"first","9":"instock","10":"taxable","11":"shipping-taxable","12":"purchasable","13":"product-type-simple"},"_links":{"self":[{"href":"https:\/\/shop.swissphotoclub.com\/fr\/wp-json\/wp\/v2\/product\/32182","targetHints":{"allow":["GET"]}}],"collection":[{"href":"https:\/\/shop.swissphotoclub.com\/fr\/wp-json\/wp\/v2\/product"}],"about":[{"href":"https:\/\/shop.swissphotoclub.com\/fr\/wp-json\/wp\/v2\/types\/product"}],"version-history":[{"count":3,"href":"https:\/\/shop.swissphotoclub.com\/fr\/wp-json\/wp\/v2\/product\/32182\/revisions"}],"predecessor-version":[{"id":32562,"href":"https:\/\/shop.swissphotoclub.com\/fr\/wp-json\/wp\/v2\/product\/32182\/revisions\/32562"}],"wp:featuredmedia":[{"embeddable":true,"href":"https:\/\/shop.swissphotoclub.com\/fr\/wp-json\/wp\/v2\/media\/32194"}],"wp:attachment":[{"href":"https:\/\/shop.swissphotoclub.com\/fr\/wp-json\/wp\/v2\/media?parent=32182"}],"wp:term":[{"taxonomy":"product_brand","embeddable":true,"href":"https:\/\/shop.swissphotoclub.com\/fr\/wp-json\/wp\/v2\/product_brand?post=32182"},{"taxonomy":"product_cat","embeddable":true,"href":"https:\/\/shop.swissphotoclub.com\/fr\/wp-json\/wp\/v2\/product_cat?post=32182"},{"taxonomy":"product_tag","embeddable":true,"href":"https:\/\/shop.swissphotoclub.com\/fr\/wp-json\/wp\/v2\/product_tag?post=32182"}],"curies":[{"name":"wp","href":"https:\/\/api.w.org\/{rel}","templated":true}]}}