{"id":32213,"date":"2023-03-09T08:58:32","date_gmt":"2023-03-09T07:58:32","guid":{"rendered":"https:\/\/shop.swissphotoclub.com\/product\/profoto-rfi-speedring\/"},"modified":"2023-03-09T08:58:32","modified_gmt":"2023-03-09T07:58:32","slug":"profoto-rfi-speedring","status":"publish","type":"product","link":"https:\/\/shop.swissphotoclub.com\/fr\/produit\/profoto-rfi-speedring\/","title":{"rendered":"Profoto RFi Speedring"},"content":{"rendered":"<h3>Permet de monter des bo\u00eetes \u00e0 lumi\u00e8re RFi.<\/h3>\n<p>Les adaptateurs Speedrings RFi de qualit\u00e9 sup\u00e9rieure permettent de monter les bo\u00eetes \u00e0 lumi\u00e8re RFi. Leur conception vous permet d\u2019ins\u00e9rer la bo\u00eete \u00e0 lumi\u00e8re sans avoir \u00e0 tordre ou \u00e0 tripoter les baleines, d\u2019astucieux codes couleur vous indiquant pr\u00e9cis\u00e9ment comment assembler le tout. La bague en caoutchouc Profoto classique et son verrouillage facilitent le montage du Speedring RFi sur le flash.<\/p>\n<p>Notre gamme d\u2019adaptateurs Speedring RFi rend les bo\u00eetes \u00e0 lumi\u00e8re RFi compatibles avec la plupart des marques de flashes, couvrant tous les mod\u00e8les, des flashes cobra aux flashes de studio haut de gamme. M\u00eame si vous poss\u00e9dez des flashes de nombreux fabricants diff\u00e9rents, vous n\u2019aurez besoin que d\u2019une seule marque de bo\u00eetes \u00e0 lumi\u00e8re.<\/p>\n<h3 class=\"tab__content-subtitle\">Caract\u00e9ristiques<\/h3>\n<ul>\n<li>Il vous permet d\u2019installer des bo\u00eetes \u00e0 lumi\u00e8re RFi sur des flashes Profoto ou des flashes d\u2019autres fabricants de flashes.<\/li>\n<li>Trous \u00e0 codes couleurs pour un montage simple et rapide.<\/li>\n<li>Peint avec une laque r\u00e9sistante \u00e0 la chaleur.<\/li>\n<li>Permet \u00e0 la bo\u00eete \u00e0 lumi\u00e8re de pivoter \u00e0 360\u00b0.<\/li>\n<li>Con\u00e7ue pour une utilisation quotidienne pendant des ann\u00e9es.<\/li>\n<\/ul>\n","protected":false},"excerpt":{"rendered":"<p><span style=\"text-decoration: underline;\">N\u00e9cessaire<\/span> pour fixer les bo\u00eetes \u00e0 lumi\u00e8re Profoto \u00e0 votre t\u00eate de flash Profoto.<\/p>\n","protected":false},"featured_media":32205,"template":"","meta":{"_crdt_document":""},"product_brand":[],"product_cat":[300],"product_tag":[],"class_list":{"0":"post-32213","1":"product","2":"type-product","3":"status-publish","4":"has-post-thumbnail","6":"product_cat-profoto-modeleurs","8":"first","9":"instock","10":"taxable","11":"shipping-taxable","12":"purchasable","13":"product-type-simple"},"_links":{"self":[{"href":"https:\/\/shop.swissphotoclub.com\/fr\/wp-json\/wp\/v2\/product\/32213","targetHints":{"allow":["GET"]}}],"collection":[{"href":"https:\/\/shop.swissphotoclub.com\/fr\/wp-json\/wp\/v2\/product"}],"about":[{"href":"https:\/\/shop.swissphotoclub.com\/fr\/wp-json\/wp\/v2\/types\/product"}],"version-history":[{"count":0,"href":"https:\/\/shop.swissphotoclub.com\/fr\/wp-json\/wp\/v2\/product\/32213\/revisions"}],"wp:featuredmedia":[{"embeddable":true,"href":"https:\/\/shop.swissphotoclub.com\/fr\/wp-json\/wp\/v2\/media\/32205"}],"wp:attachment":[{"href":"https:\/\/shop.swissphotoclub.com\/fr\/wp-json\/wp\/v2\/media?parent=32213"}],"wp:term":[{"taxonomy":"product_brand","embeddable":true,"href":"https:\/\/shop.swissphotoclub.com\/fr\/wp-json\/wp\/v2\/product_brand?post=32213"},{"taxonomy":"product_cat","embeddable":true,"href":"https:\/\/shop.swissphotoclub.com\/fr\/wp-json\/wp\/v2\/product_cat?post=32213"},{"taxonomy":"product_tag","embeddable":true,"href":"https:\/\/shop.swissphotoclub.com\/fr\/wp-json\/wp\/v2\/product_tag?post=32213"}],"curies":[{"name":"wp","href":"https:\/\/api.w.org\/{rel}","templated":true}]}}