{"id":32230,"date":"2023-03-10T10:07:54","date_gmt":"2023-03-10T09:07:54","guid":{"rendered":"https:\/\/shop.swissphotoclub.com\/?post_type=product&#038;p=32230"},"modified":"2023-03-10T10:18:41","modified_gmt":"2023-03-10T09:18:41","slug":"profoto-clic-softbox-2-octa-60-cm","status":"publish","type":"product","link":"https:\/\/shop.swissphotoclub.com\/fr\/produit\/profoto-clic-softbox-2-octa-60-cm\/","title":{"rendered":"Profoto Clic Softbox 2&prime; Octa (60 cm)"},"content":{"rendered":"<p>Le nouveau Clic Softbox Oct g\u00e9n\u00e8re une lumi\u00e8re \u00e0 la fois douce et flatteuse, parfait pour les portraits rapproch\u00e9s, les flat-lays et les photographies de produits\/nature morte avec les flashes de la s\u00e9rie Profoto A.<br \/>\nIl est parfait pour les prises de vue en d\u00e9placement. Il est non seulement portable et l\u00e9ger, mais il peut aussi se plier et se d\u00e9plier rapidement, et des aimants permettent une fixation simple \u00e0 la t\u00eate du flash. Ainsi, en un petit \u00ab clic \u00bb, vous \u00eates op\u00e9rationnel(le). Le Clic Softbox Octa est \u00e9quip\u00e9 d\u2019une poign\u00e9e int\u00e9gr\u00e9e et d\u2019un adaptateur de pied. Par ailleurs, du fait de sa compatibilit\u00e9 avec d\u2019autres Light Shaping Tools Clic, vous pouvez l\u2019int\u00e9grer dans de nombreuses combinaisons<\/p>\n<ul>\n<li>Cr\u00e9e une lumi\u00e8re douce et flatteuse<\/li>\n<li>Montage facile gr\u00e2ce \u00e0 la fonction d\u2019enclenchement<\/li>\n<li>Poign\u00e9e int\u00e9gr\u00e9e et adaptateur de pied<\/li>\n<li>Compatible avec les autres Light Shaping Tools Clic<\/li>\n<li>Compact et l\u00e9ger<\/li>\n<li>Fabriqu\u00e9 avec un tissu de qualit\u00e9 sup\u00e9rieure<\/li>\n<li>Livr\u00e9e dans un sac souple marqu\u00e9<\/li>\n<\/ul>\n<p>Vid\u00e9o: https:\/\/www.youtube.com\/watch?v=ZgpH6Pw4PuE<\/p>\n","protected":false},"excerpt":{"rendered":"<p>Le Clic Softbox Oct g\u00e9n\u00e8re une lumi\u00e8re \u00e0 la fois douce et flatteuse, parfait pour les portraits rapproch\u00e9s, les flat-lays et les photographies de produits\/nature morte avec les flashes de la s\u00e9rie Profoto A.<\/p>\n","protected":false},"featured_media":32235,"template":"","meta":{"_crdt_document":""},"product_brand":[],"product_cat":[300],"product_tag":[],"class_list":{"0":"post-32230","1":"product","2":"type-product","3":"status-publish","4":"has-post-thumbnail","6":"product_cat-profoto-modeleurs","8":"first","9":"instock","10":"taxable","11":"shipping-taxable","12":"purchasable","13":"product-type-simple"},"_links":{"self":[{"href":"https:\/\/shop.swissphotoclub.com\/fr\/wp-json\/wp\/v2\/product\/32230","targetHints":{"allow":["GET"]}}],"collection":[{"href":"https:\/\/shop.swissphotoclub.com\/fr\/wp-json\/wp\/v2\/product"}],"about":[{"href":"https:\/\/shop.swissphotoclub.com\/fr\/wp-json\/wp\/v2\/types\/product"}],"version-history":[{"count":1,"href":"https:\/\/shop.swissphotoclub.com\/fr\/wp-json\/wp\/v2\/product\/32230\/revisions"}],"predecessor-version":[{"id":32238,"href":"https:\/\/shop.swissphotoclub.com\/fr\/wp-json\/wp\/v2\/product\/32230\/revisions\/32238"}],"wp:featuredmedia":[{"embeddable":true,"href":"https:\/\/shop.swissphotoclub.com\/fr\/wp-json\/wp\/v2\/media\/32235"}],"wp:attachment":[{"href":"https:\/\/shop.swissphotoclub.com\/fr\/wp-json\/wp\/v2\/media?parent=32230"}],"wp:term":[{"taxonomy":"product_brand","embeddable":true,"href":"https:\/\/shop.swissphotoclub.com\/fr\/wp-json\/wp\/v2\/product_brand?post=32230"},{"taxonomy":"product_cat","embeddable":true,"href":"https:\/\/shop.swissphotoclub.com\/fr\/wp-json\/wp\/v2\/product_cat?post=32230"},{"taxonomy":"product_tag","embeddable":true,"href":"https:\/\/shop.swissphotoclub.com\/fr\/wp-json\/wp\/v2\/product_tag?post=32230"}],"curies":[{"name":"wp","href":"https:\/\/api.w.org\/{rel}","templated":true}]}}