{"id":32269,"date":"2023-03-10T10:33:54","date_gmt":"2023-03-10T09:33:54","guid":{"rendered":"https:\/\/shop.swissphotoclub.com\/?post_type=product&#038;p=32269"},"modified":"2023-03-10T10:40:50","modified_gmt":"2023-03-10T09:40:50","slug":"profoto-clic-color-effects-kit","status":"publish","type":"product","link":"https:\/\/shop.swissphotoclub.com\/fr\/produit\/profoto-clic-color-effects-kit\/","title":{"rendered":"Profoto Clic Color Effects Kit"},"content":{"rendered":"<h3 class=\"product-info-title-desktop hidden-xs hidden-sm\">Profoto Clic Color Effects Kit<\/h3>\n<p>Affinez davantage vos ajustements en ajoutant de la couleur \u00e0 votre sc\u00e8ne sur le moment, m\u00eame en d\u00e9placement. Choisissez entre sept couleurs et ajustez les tons de votre sc\u00e8ne selon vos besoins. Vous pouvez les fixer instantan\u00e9ment \u00e0 l\u2019ensemble des flashes de la s\u00e9rie A gr\u00e2ce \u00e0 la monture magn\u00e9tique. Les Clic Gels peuvent m\u00eame \u00eatre empil\u00e9es pour encore plus de possibilit\u00e9s cr\u00e9atives. Rangez-les dans l\u2019\u00e9tui de protection pour pouvoir les emporter ais\u00e9ment. Contenu du kit\u00a0: Clic Gel Jade, Clic Gel Rose Pink, Clic Gel Peacock Blue, Clic Gel Yellow, Clic Gel Blue, Clic Gel Scarlett et Clic Gel Light Lavender<\/p>\n<h3>Sept couleurs pour une multitude de possibilit\u00e9s<\/h3>\n<ul>\n<li>Fourni dans un \u00e9tui de protection<\/li>\n<li>Compatible avec tous les flashes de la s\u00e9rie A<\/li>\n<li>Contenu du kit\u00a0: Clic Gel Jade, Clic Gel Rose Pink, Clic Gel Peacock Blue, Clic Gel Yellow, Clic Gel Blue, Clic Gel Scarlett et Clic Gel Light Lavender<\/li>\n<li>Montage instantan\u00e9 avec la monture magn\u00e9tique<\/li>\n<\/ul>\n","protected":false},"excerpt":{"rendered":"<p>Affinez davantage vos couleurs, m\u00eame en d\u00e9placement. Vous pouvez les fixer instantan\u00e9ment \u00e0 l\u2019ensemble des flashes de la s\u00e9rie A gr\u00e2ce \u00e0 la monture magn\u00e9tique.<\/p>\n","protected":false},"featured_media":32271,"template":"","meta":{"_crdt_document":""},"product_brand":[],"product_cat":[300],"product_tag":[],"class_list":{"0":"post-32269","1":"product","2":"type-product","3":"status-publish","4":"has-post-thumbnail","6":"product_cat-profoto-modeleurs","8":"first","9":"instock","10":"taxable","11":"shipping-taxable","12":"purchasable","13":"product-type-simple"},"_links":{"self":[{"href":"https:\/\/shop.swissphotoclub.com\/fr\/wp-json\/wp\/v2\/product\/32269","targetHints":{"allow":["GET"]}}],"collection":[{"href":"https:\/\/shop.swissphotoclub.com\/fr\/wp-json\/wp\/v2\/product"}],"about":[{"href":"https:\/\/shop.swissphotoclub.com\/fr\/wp-json\/wp\/v2\/types\/product"}],"version-history":[{"count":1,"href":"https:\/\/shop.swissphotoclub.com\/fr\/wp-json\/wp\/v2\/product\/32269\/revisions"}],"predecessor-version":[{"id":32275,"href":"https:\/\/shop.swissphotoclub.com\/fr\/wp-json\/wp\/v2\/product\/32269\/revisions\/32275"}],"wp:featuredmedia":[{"embeddable":true,"href":"https:\/\/shop.swissphotoclub.com\/fr\/wp-json\/wp\/v2\/media\/32271"}],"wp:attachment":[{"href":"https:\/\/shop.swissphotoclub.com\/fr\/wp-json\/wp\/v2\/media?parent=32269"}],"wp:term":[{"taxonomy":"product_brand","embeddable":true,"href":"https:\/\/shop.swissphotoclub.com\/fr\/wp-json\/wp\/v2\/product_brand?post=32269"},{"taxonomy":"product_cat","embeddable":true,"href":"https:\/\/shop.swissphotoclub.com\/fr\/wp-json\/wp\/v2\/product_cat?post=32269"},{"taxonomy":"product_tag","embeddable":true,"href":"https:\/\/shop.swissphotoclub.com\/fr\/wp-json\/wp\/v2\/product_tag?post=32269"}],"curies":[{"name":"wp","href":"https:\/\/api.w.org\/{rel}","templated":true}]}}