{"id":32811,"date":"2023-08-24T15:16:42","date_gmt":"2023-08-24T13:16:42","guid":{"rendered":"https:\/\/shop.swissphotoclub.com\/product\/frais-postale-pour-livraison-des-photos\/"},"modified":"2024-08-12T13:46:15","modified_gmt":"2024-08-12T11:46:15","slug":"frais-postale-photo","status":"publish","type":"product","link":"https:\/\/shop.swissphotoclub.com\/fr\/produit\/frais-postale-photo\/","title":{"rendered":"Frais postale pour livraison des photos"},"content":{"rendered":"","protected":false},"excerpt":{"rendered":"<p>S\u00e9lectionnez la taille des photos \u00e0 envoyer et nous les enverrons \u00e0 votre adresse dans un d\u00e9lai de 2 \u00e0 4 semaines. Disponible uniquement pour la Suisse. Nous ferons de notre mieux pour nous assurer que les photos sont emball\u00e9es correctement, mais en cas de dommage, veuillez le signaler directement \u00e0 la Poste suisse en utilisant ce lien <a href=\"https:\/\/customer-service.post.ch\/public\/e\/l\/schadenfall\">: https:\/\/customer-service.post.ch\/public\/e\/l\/schadenfall.<\/a><\/p>\n","protected":false},"featured_media":32809,"template":"","meta":{"_crdt_document":""},"product_brand":[],"product_cat":[289],"product_tag":[],"class_list":{"0":"post-32811","1":"product","2":"type-product","3":"status-publish","4":"has-post-thumbnail","6":"product_cat-awards-fr","8":"first","9":"instock","10":"sold-individually","11":"taxable","12":"shipping-taxable","13":"purchasable","14":"product-type-variable"},"_links":{"self":[{"href":"https:\/\/shop.swissphotoclub.com\/fr\/wp-json\/wp\/v2\/product\/32811","targetHints":{"allow":["GET"]}}],"collection":[{"href":"https:\/\/shop.swissphotoclub.com\/fr\/wp-json\/wp\/v2\/product"}],"about":[{"href":"https:\/\/shop.swissphotoclub.com\/fr\/wp-json\/wp\/v2\/types\/product"}],"version-history":[{"count":3,"href":"https:\/\/shop.swissphotoclub.com\/fr\/wp-json\/wp\/v2\/product\/32811\/revisions"}],"predecessor-version":[{"id":33184,"href":"https:\/\/shop.swissphotoclub.com\/fr\/wp-json\/wp\/v2\/product\/32811\/revisions\/33184"}],"wp:featuredmedia":[{"embeddable":true,"href":"https:\/\/shop.swissphotoclub.com\/fr\/wp-json\/wp\/v2\/media\/32809"}],"wp:attachment":[{"href":"https:\/\/shop.swissphotoclub.com\/fr\/wp-json\/wp\/v2\/media?parent=32811"}],"wp:term":[{"taxonomy":"product_brand","embeddable":true,"href":"https:\/\/shop.swissphotoclub.com\/fr\/wp-json\/wp\/v2\/product_brand?post=32811"},{"taxonomy":"product_cat","embeddable":true,"href":"https:\/\/shop.swissphotoclub.com\/fr\/wp-json\/wp\/v2\/product_cat?post=32811"},{"taxonomy":"product_tag","embeddable":true,"href":"https:\/\/shop.swissphotoclub.com\/fr\/wp-json\/wp\/v2\/product_tag?post=32811"}],"curies":[{"name":"wp","href":"https:\/\/api.w.org\/{rel}","templated":true}]}}