{"id":33281,"date":"2024-10-16T11:01:02","date_gmt":"2024-10-16T09:01:02","guid":{"rendered":"https:\/\/shop.swissphotoclub.com\/?post_type=product&#038;p=33281"},"modified":"2024-10-16T11:35:41","modified_gmt":"2024-10-16T09:35:41","slug":"shimoda-action-x40-v2-starter-kit-w-medium-dslr-core-unit-jaune","status":"publish","type":"product","link":"https:\/\/shop.swissphotoclub.com\/fr\/produit\/shimoda-action-x40-v2-starter-kit-w-medium-dslr-core-unit-jaune\/","title":{"rendered":"Shimoda Action X40 v2 Starter Kit (w\/ Medium DSLR Core Unit) &#8211; Jaune"},"content":{"rendered":"<p>L&rsquo;Action X40 est un sac \u00e0 dos pour appareil photo polyvalent et r\u00e9sistant aux intemp\u00e9ries, con\u00e7u pour les photographes exigeants. Il offre un acc\u00e8s rapide, un espace de stockage extensible et une compatibilit\u00e9 avec la plupart des appareils photo DSLR et sans miroir. Il comprend de multiples options de fixation, des pochettes rembourr\u00e9es pour ordinateur portable\/tablette, et est livr\u00e9 avec une unit\u00e9 centrale DSLR moyenne, un porte-casque et une housse de protection contre la pluie.<\/p>\n<ul>\n<li>Dimensions int\u00e9rieures 29,5 x 52,5 x 19 cm<\/li>\n<li>Dimensions externes 30 x 53 x 20 cm<\/li>\n<li>Poids 2,7 kg<\/li>\n<li>Dimensions du compartiment pour ordinateur portable 24 x 36 x 1,5 cm<\/li>\n<\/ul>\n","protected":false},"excerpt":{"rendered":"<p>L&rsquo;Action X40 est un sac \u00e0 dos pour appareil photo polyvalent et r\u00e9sistant aux intemp\u00e9ries, con\u00e7u pour les photographes exigeants. Il offre un acc\u00e8s rapide, un espace de stockage extensible et une compatibilit\u00e9 avec la plupart des appareils photo DSLR et sans miroir.<\/p>\n","protected":false},"featured_media":33283,"template":"","meta":{"_crdt_document":""},"product_brand":[],"product_cat":[265],"product_tag":[],"class_list":{"0":"post-33281","1":"product","2":"type-product","3":"status-publish","4":"has-post-thumbnail","6":"product_cat-sacs-a-dos","8":"first","9":"instock","10":"taxable","11":"shipping-taxable","12":"purchasable","13":"product-type-simple"},"_links":{"self":[{"href":"https:\/\/shop.swissphotoclub.com\/fr\/wp-json\/wp\/v2\/product\/33281","targetHints":{"allow":["GET"]}}],"collection":[{"href":"https:\/\/shop.swissphotoclub.com\/fr\/wp-json\/wp\/v2\/product"}],"about":[{"href":"https:\/\/shop.swissphotoclub.com\/fr\/wp-json\/wp\/v2\/types\/product"}],"version-history":[{"count":1,"href":"https:\/\/shop.swissphotoclub.com\/fr\/wp-json\/wp\/v2\/product\/33281\/revisions"}],"predecessor-version":[{"id":33292,"href":"https:\/\/shop.swissphotoclub.com\/fr\/wp-json\/wp\/v2\/product\/33281\/revisions\/33292"}],"wp:featuredmedia":[{"embeddable":true,"href":"https:\/\/shop.swissphotoclub.com\/fr\/wp-json\/wp\/v2\/media\/33283"}],"wp:attachment":[{"href":"https:\/\/shop.swissphotoclub.com\/fr\/wp-json\/wp\/v2\/media?parent=33281"}],"wp:term":[{"taxonomy":"product_brand","embeddable":true,"href":"https:\/\/shop.swissphotoclub.com\/fr\/wp-json\/wp\/v2\/product_brand?post=33281"},{"taxonomy":"product_cat","embeddable":true,"href":"https:\/\/shop.swissphotoclub.com\/fr\/wp-json\/wp\/v2\/product_cat?post=33281"},{"taxonomy":"product_tag","embeddable":true,"href":"https:\/\/shop.swissphotoclub.com\/fr\/wp-json\/wp\/v2\/product_tag?post=33281"}],"curies":[{"name":"wp","href":"https:\/\/api.w.org\/{rel}","templated":true}]}}