{"id":33293,"date":"2024-10-16T11:36:05","date_gmt":"2024-10-16T09:36:05","guid":{"rendered":"https:\/\/shop.swissphotoclub.com\/?post_type=product&#038;p=33293"},"modified":"2024-10-16T11:46:06","modified_gmt":"2024-10-16T09:46:06","slug":"shimoda-action-x25-v2-womens-starter-kit-small-ml-cu-teal","status":"publish","type":"product","link":"https:\/\/shop.swissphotoclub.com\/fr\/produit\/shimoda-action-x25-v2-womens-starter-kit-small-ml-cu-teal\/","title":{"rendered":"Shimoda Action X25 v2 Women&rsquo;s Starter Kit (Small ML CU) &#8211; Teal"},"content":{"rendered":"<p>Le Women&rsquo;s Action X25 est un sac \u00e0 dos compact et r\u00e9sistant aux intemp\u00e9ries, con\u00e7u pour les femmes photographes. Il est ergonomique et dot\u00e9 d&rsquo;une sangle Tech sp\u00e9cialis\u00e9e et d&rsquo;une ceinture r\u00e9glable. Il offre un acc\u00e8s rapide, un espace de stockage extensible et est id\u00e9al pour transporter des appareils photo sans griffe, avec une petite unit\u00e9 centrale sans miroir, un porte-casque et une housse de protection contre la pluie inclus.<\/p>\n<ul>\n<li>Dimensions internes 26.5 x 47.5 x 16 cm<\/li>\n<li>Dimensions externes 27 x 48 x 17 cm<\/li>\n<li>Poids 2.25 kg<\/li>\n<li>Compartiment ordinateur portable dimensions 24 x 33 x 1.5 cm<\/li>\n<\/ul>\n","protected":false},"excerpt":{"rendered":"<p>Le Women&rsquo;s Action X25 est un sac \u00e0 dos compact et r\u00e9sistant aux intemp\u00e9ries, con\u00e7u pour les femmes photographes.<\/p>\n","protected":false},"featured_media":33299,"template":"","meta":{"_crdt_document":""},"product_brand":[],"product_cat":[265],"product_tag":[],"class_list":{"0":"post-33293","1":"product","2":"type-product","3":"status-publish","4":"has-post-thumbnail","6":"product_cat-sacs-a-dos","8":"first","9":"instock","10":"taxable","11":"shipping-taxable","12":"purchasable","13":"product-type-simple"},"_links":{"self":[{"href":"https:\/\/shop.swissphotoclub.com\/fr\/wp-json\/wp\/v2\/product\/33293","targetHints":{"allow":["GET"]}}],"collection":[{"href":"https:\/\/shop.swissphotoclub.com\/fr\/wp-json\/wp\/v2\/product"}],"about":[{"href":"https:\/\/shop.swissphotoclub.com\/fr\/wp-json\/wp\/v2\/types\/product"}],"version-history":[{"count":2,"href":"https:\/\/shop.swissphotoclub.com\/fr\/wp-json\/wp\/v2\/product\/33293\/revisions"}],"predecessor-version":[{"id":33315,"href":"https:\/\/shop.swissphotoclub.com\/fr\/wp-json\/wp\/v2\/product\/33293\/revisions\/33315"}],"wp:featuredmedia":[{"embeddable":true,"href":"https:\/\/shop.swissphotoclub.com\/fr\/wp-json\/wp\/v2\/media\/33299"}],"wp:attachment":[{"href":"https:\/\/shop.swissphotoclub.com\/fr\/wp-json\/wp\/v2\/media?parent=33293"}],"wp:term":[{"taxonomy":"product_brand","embeddable":true,"href":"https:\/\/shop.swissphotoclub.com\/fr\/wp-json\/wp\/v2\/product_brand?post=33293"},{"taxonomy":"product_cat","embeddable":true,"href":"https:\/\/shop.swissphotoclub.com\/fr\/wp-json\/wp\/v2\/product_cat?post=33293"},{"taxonomy":"product_tag","embeddable":true,"href":"https:\/\/shop.swissphotoclub.com\/fr\/wp-json\/wp\/v2\/product_tag?post=33293"}],"curies":[{"name":"wp","href":"https:\/\/api.w.org\/{rel}","templated":true}]}}