{"id":33321,"date":"2024-10-16T11:49:11","date_gmt":"2024-10-16T09:49:11","guid":{"rendered":"https:\/\/shop.swissphotoclub.com\/?post_type=product&#038;p=33321"},"modified":"2024-10-16T11:57:06","modified_gmt":"2024-10-16T09:57:06","slug":"shimoda-urban-explore-20-boa","status":"publish","type":"product","link":"https:\/\/shop.swissphotoclub.com\/fr\/produit\/shimoda-urban-explore-20-boa\/","title":{"rendered":"Shimoda Urban Explore 20 &#8211; Boa"},"content":{"rendered":"<p>La s\u00e9rie Urban Explore est un sac \u00e9l\u00e9gant et fonctionnel con\u00e7u pour les cr\u00e9ateurs, dot\u00e9 d&rsquo;une coque en Cordura recycl\u00e9 et d&rsquo;un espace pour le mat\u00e9riel essentiel, y compris les appareils photo et les ordinateurs portables jusqu&rsquo;\u00e0 14 pouces. La version 20 litres est parfaite pour un \u00e9quipement minimal, ce qui la rend id\u00e9ale pour les aventures urbaines et de voyage.<\/p>\n<ul>\n<li>Dimensions internes 24 x 42 x 16 cm<\/li>\n<li>Dimensions externes 27 x 43 x 20 cm<\/li>\n<li>Dimensions ordintateur portable 23 x 31 x 2 cm<\/li>\n<li>Poids 1.8 kg<\/li>\n<\/ul>\n","protected":false},"excerpt":{"rendered":"<p>La s\u00e9rie Urban Explore est un sac \u00e9l\u00e9gant et fonctionnel con\u00e7u pour les cr\u00e9ateurs, dot\u00e9 d&rsquo;une coque en Cordura recycl\u00e9 et d&rsquo;un espace pour le mat\u00e9riel essentiel<\/p>\n","protected":false},"featured_media":33323,"template":"","meta":{"_crdt_document":""},"product_brand":[],"product_cat":[265],"product_tag":[],"class_list":{"0":"post-33321","1":"product","2":"type-product","3":"status-publish","4":"has-post-thumbnail","6":"product_cat-sacs-a-dos","8":"first","9":"instock","10":"taxable","11":"shipping-taxable","12":"purchasable","13":"product-type-simple"},"_links":{"self":[{"href":"https:\/\/shop.swissphotoclub.com\/fr\/wp-json\/wp\/v2\/product\/33321","targetHints":{"allow":["GET"]}}],"collection":[{"href":"https:\/\/shop.swissphotoclub.com\/fr\/wp-json\/wp\/v2\/product"}],"about":[{"href":"https:\/\/shop.swissphotoclub.com\/fr\/wp-json\/wp\/v2\/types\/product"}],"version-history":[{"count":1,"href":"https:\/\/shop.swissphotoclub.com\/fr\/wp-json\/wp\/v2\/product\/33321\/revisions"}],"predecessor-version":[{"id":33341,"href":"https:\/\/shop.swissphotoclub.com\/fr\/wp-json\/wp\/v2\/product\/33321\/revisions\/33341"}],"wp:featuredmedia":[{"embeddable":true,"href":"https:\/\/shop.swissphotoclub.com\/fr\/wp-json\/wp\/v2\/media\/33323"}],"wp:attachment":[{"href":"https:\/\/shop.swissphotoclub.com\/fr\/wp-json\/wp\/v2\/media?parent=33321"}],"wp:term":[{"taxonomy":"product_brand","embeddable":true,"href":"https:\/\/shop.swissphotoclub.com\/fr\/wp-json\/wp\/v2\/product_brand?post=33321"},{"taxonomy":"product_cat","embeddable":true,"href":"https:\/\/shop.swissphotoclub.com\/fr\/wp-json\/wp\/v2\/product_cat?post=33321"},{"taxonomy":"product_tag","embeddable":true,"href":"https:\/\/shop.swissphotoclub.com\/fr\/wp-json\/wp\/v2\/product_tag?post=33321"}],"curies":[{"name":"wp","href":"https:\/\/api.w.org\/{rel}","templated":true}]}}