{"id":33342,"date":"2024-10-16T11:57:20","date_gmt":"2024-10-16T09:57:20","guid":{"rendered":"https:\/\/shop.swissphotoclub.com\/?post_type=product&#038;p=33342"},"modified":"2024-10-16T12:01:44","modified_gmt":"2024-10-16T10:01:44","slug":"shimoda-urban-explore-30-anthracite","status":"publish","type":"product","link":"https:\/\/shop.swissphotoclub.com\/fr\/produit\/shimoda-urban-explore-30-anthracite\/","title":{"rendered":"Shimoda Urban Explore 30 &#8211; Anthracite"},"content":{"rendered":"<p>La s\u00e9rie Urban Explore propose un sac polyvalent et \u00e9l\u00e9gant con\u00e7u pour les cr\u00e9ateurs, avec de l&rsquo;espace pour les outils essentiels tels que les appareils photo et les ordinateurs portables. La version 30 litres peut accueillir un ordinateur portable de 16 pouces et contient le plus de mat\u00e9riel, ce qui en fait le sac id\u00e9al pour ceux qui ont besoin de transporter une installation compl\u00e8te.<\/p>\n<ul>\n<li>Dimensions internes 29 x 50 x 16 cm<\/li>\n<li>Dimensions externes 32 x 52 x 20 cm<\/li>\n<li>Dimensions ordintateur portable 27 x 39 x 2 cm<\/li>\n<li>Poids 2.1 kg<\/li>\n<\/ul>\n","protected":false},"excerpt":{"rendered":"<p>La s\u00e9rie Urban Explore propose un sac polyvalent et \u00e9l\u00e9gant con\u00e7u pour les cr\u00e9ateurs, avec de l&rsquo;espace pour les outils essentiels tels que les appareils photo et les ordinateurs portables.<\/p>\n","protected":false},"featured_media":33345,"template":"","meta":{"_crdt_document":""},"product_brand":[],"product_cat":[265],"product_tag":[],"class_list":{"0":"post-33342","1":"product","2":"type-product","3":"status-publish","4":"has-post-thumbnail","6":"product_cat-sacs-a-dos","8":"first","9":"instock","10":"taxable","11":"shipping-taxable","12":"purchasable","13":"product-type-simple"},"_links":{"self":[{"href":"https:\/\/shop.swissphotoclub.com\/fr\/wp-json\/wp\/v2\/product\/33342","targetHints":{"allow":["GET"]}}],"collection":[{"href":"https:\/\/shop.swissphotoclub.com\/fr\/wp-json\/wp\/v2\/product"}],"about":[{"href":"https:\/\/shop.swissphotoclub.com\/fr\/wp-json\/wp\/v2\/types\/product"}],"version-history":[{"count":1,"href":"https:\/\/shop.swissphotoclub.com\/fr\/wp-json\/wp\/v2\/product\/33342\/revisions"}],"predecessor-version":[{"id":33363,"href":"https:\/\/shop.swissphotoclub.com\/fr\/wp-json\/wp\/v2\/product\/33342\/revisions\/33363"}],"wp:featuredmedia":[{"embeddable":true,"href":"https:\/\/shop.swissphotoclub.com\/fr\/wp-json\/wp\/v2\/media\/33345"}],"wp:attachment":[{"href":"https:\/\/shop.swissphotoclub.com\/fr\/wp-json\/wp\/v2\/media?parent=33342"}],"wp:term":[{"taxonomy":"product_brand","embeddable":true,"href":"https:\/\/shop.swissphotoclub.com\/fr\/wp-json\/wp\/v2\/product_brand?post=33342"},{"taxonomy":"product_cat","embeddable":true,"href":"https:\/\/shop.swissphotoclub.com\/fr\/wp-json\/wp\/v2\/product_cat?post=33342"},{"taxonomy":"product_tag","embeddable":true,"href":"https:\/\/shop.swissphotoclub.com\/fr\/wp-json\/wp\/v2\/product_tag?post=33342"}],"curies":[{"name":"wp","href":"https:\/\/api.w.org\/{rel}","templated":true}]}}