{"id":33417,"date":"2024-10-27T14:31:56","date_gmt":"2024-10-27T13:31:56","guid":{"rendered":"https:\/\/shop.swissphotoclub.com\/product\/cable-dattache-usb-c-cobratether-5m\/"},"modified":"2024-10-27T15:37:51","modified_gmt":"2024-10-27T14:37:51","slug":"cable-dattache-usb-c-cobratether-5m","status":"publish","type":"product","link":"https:\/\/shop.swissphotoclub.com\/fr\/produit\/cable-dattache-usb-c-cobratether-5m\/","title":{"rendered":"CobraTether C\u00e2ble d&rsquo;attache USB-C 5m 10GB"},"content":{"rendered":"<ul>\n<li>4,8 m<\/li>\n<li>USB-C 3.2<\/li>\n<li>Transfert de donn\u00e9es jusqu&rsquo;\u00e0 10Gb\/s<\/li>\n<li>Jusqu&rsquo;\u00e0 100 W d&rsquo;alimentation \u00e9lectrique<\/li>\n<li>Bidirectionnel<\/li>\n<li>Sortie vid\u00e9o DisplayPort<\/li>\n<li>Connecteurs prot\u00e9g\u00e9s par de l&rsquo;aluminium<\/li>\n<li>1x connecteur droit<\/li>\n<li>1x connecteur \u00e0 90<\/li>\n<li>Fermeture velcro pour faciliter l&#8217;emballage<\/li>\n<\/ul>\n","protected":false},"excerpt":{"rendered":"<p>Le c\u00e2ble CobraTether 5M USB-C. Un c\u00e2ble pour les photographes professionnels, les vid\u00e9astes et les digi-techs qui veulent une qualit\u00e9 et une fonction absolues. C&rsquo;est notre c\u00e2ble le plus rapide et le meilleur \u00e0 ce jour. Il fonctionne comme c\u00e2ble d&rsquo;attache, comme c\u00e2ble d&rsquo;alimentation (jusqu&rsquo;\u00e0 100W) ou comme c\u00e2ble vid\u00e9o (4K 60Hz). Ce c\u00e2ble combine tout ce dont vous avez besoin. Fonctionne avec toutes les cam\u00e9ras utilisant des connecteurs USB Type-C, divers \u00e9crans et bien d&rsquo;autres appareils. Nous recommandons d&rsquo;utiliser nos c\u00e2bles avec le dernier firmware de votre hard- et logiciel.    <\/p>\n","protected":false},"featured_media":33412,"template":"","meta":{"_crdt_document":""},"product_brand":[],"product_cat":[317],"product_tag":[],"class_list":{"0":"post-33417","1":"product","2":"type-product","3":"status-publish","4":"has-post-thumbnail","6":"product_cat-connexion-tether","8":"first","9":"instock","10":"taxable","11":"shipping-taxable","12":"purchasable","13":"product-type-variable","14":"has-default-attributes"},"_links":{"self":[{"href":"https:\/\/shop.swissphotoclub.com\/fr\/wp-json\/wp\/v2\/product\/33417","targetHints":{"allow":["GET"]}}],"collection":[{"href":"https:\/\/shop.swissphotoclub.com\/fr\/wp-json\/wp\/v2\/product"}],"about":[{"href":"https:\/\/shop.swissphotoclub.com\/fr\/wp-json\/wp\/v2\/types\/product"}],"version-history":[{"count":2,"href":"https:\/\/shop.swissphotoclub.com\/fr\/wp-json\/wp\/v2\/product\/33417\/revisions"}],"predecessor-version":[{"id":33508,"href":"https:\/\/shop.swissphotoclub.com\/fr\/wp-json\/wp\/v2\/product\/33417\/revisions\/33508"}],"wp:featuredmedia":[{"embeddable":true,"href":"https:\/\/shop.swissphotoclub.com\/fr\/wp-json\/wp\/v2\/media\/33412"}],"wp:attachment":[{"href":"https:\/\/shop.swissphotoclub.com\/fr\/wp-json\/wp\/v2\/media?parent=33417"}],"wp:term":[{"taxonomy":"product_brand","embeddable":true,"href":"https:\/\/shop.swissphotoclub.com\/fr\/wp-json\/wp\/v2\/product_brand?post=33417"},{"taxonomy":"product_cat","embeddable":true,"href":"https:\/\/shop.swissphotoclub.com\/fr\/wp-json\/wp\/v2\/product_cat?post=33417"},{"taxonomy":"product_tag","embeddable":true,"href":"https:\/\/shop.swissphotoclub.com\/fr\/wp-json\/wp\/v2\/product_tag?post=33417"}],"curies":[{"name":"wp","href":"https:\/\/api.w.org\/{rel}","templated":true}]}}