{"id":33545,"date":"2024-10-27T16:00:11","date_gmt":"2024-10-27T15:00:11","guid":{"rendered":"https:\/\/shop.swissphotoclub.com\/product\/cable-usb-c-cobratether-20-go-court\/"},"modified":"2024-10-27T16:00:11","modified_gmt":"2024-10-27T15:00:11","slug":"cable-usb-c-cobratether-20-go-court","status":"publish","type":"product","link":"https:\/\/shop.swissphotoclub.com\/fr\/produit\/cable-usb-c-cobratether-20-go-court\/","title":{"rendered":"C\u00e2ble USB-C CobraTether 20 Go (court)"},"content":{"rendered":"<p>Le c\u00e2ble USB-C CobraTether 20 Go est con\u00e7u pour les professionnels et les techniciens qui exigent le plus haut niveau de qualit\u00e9 et de performance. Ce c\u00e2ble est le dernier c\u00e2ble USB-C dont vous aurez besoin, offrant une vitesse et des fonctionnalit\u00e9s in\u00e9gal\u00e9es. Que vous transf\u00e9riez des fichiers volumineux \u00e0 une <strong>vitesse<\/strong> incroyable de <strong>20 Gbit\/s<\/strong>, que vous chargiez vos appareils avec <strong>100 W True Power Delivery<\/strong> ou que vous transmettiez des vid\u00e9os en <strong>4K 60Hz<\/strong>\u00e9poustouflante <strong>, ce<\/strong>c\u00e2ble fait tout. Dot\u00e9 de <strong>connecteurs m\u00e9talliques<\/strong> pour la durabilit\u00e9 et d&rsquo;une <strong>tresse en coton lisse<\/strong> pour la flexibilit\u00e9, il est con\u00e7u pour r\u00e9sister \u00e0 une utilisation intensive tout en conservant son style et ses performances. Disponible en trois longueurs pratiques (0<strong>,3 m, 0,5 m et 1,2 m), c&rsquo;<\/strong>est le compagnon id\u00e9al pour les <strong>disques SSD, les tablettes, les smartphones<\/strong> et bien plus encore. Nous avons \u00e9galement grav\u00e9 les caract\u00e9ristiques des c\u00e2bles sur le connecteur afin que vous sachiez toujours de quoi votre c\u00e2ble est capable. Nous recommandons d&rsquo;utiliser nos c\u00e2bles avec le dernier firmware de votre mat\u00e9riel et de votre logiciel pour garantir des performances sans faille sur tous les appareils.  <\/p>\n<ul>\n<li>Couleur : Noir<\/li>\n<li>0,3m (11,81&Prime;), 0,5m (19,69&Prime;) ou 1,2m (47,24&Prime;)<\/li>\n<li>USB-C 3.2<\/li>\n<li>Transfert de donn\u00e9es jusqu&rsquo;\u00e0 20 Gb\/s<\/li>\n<li>Vid\u00e9o 4K 60Hz<\/li>\n<li>DisplayPort activ\u00e9<\/li>\n<li>Jusqu&rsquo;\u00e0 100W True Power Delivery<\/li>\n<li>Bidirectionnel<\/li>\n<li>Connecteurs prot\u00e9g\u00e9s en aluminium<\/li>\n<li>Tressage en coton lisse<\/li>\n<li>Attache velcro pour l&#8217;emballage<\/li>\n<\/ul>\n","protected":false},"excerpt":{"rendered":"<ul>\n<li>Couleur : Noir<\/li>\n<li>30cm, 50cm ou 1,2m<\/li>\n<li>USB-C 3.2<\/li>\n<li>Transfert de donn\u00e9es jusqu&rsquo;\u00e0 20 Gb\/s<\/li>\n<li>Vid\u00e9o 4K 60Hz<\/li>\n<li>DisplayPort activ\u00e9<\/li>\n<li>Jusqu&rsquo;\u00e0 100W True Power Delivery<\/li>\n<li>Bidirectionnel<\/li>\n<li>Connecteurs prot\u00e9g\u00e9s en aluminium<\/li>\n<li>Tressage en coton lisse<\/li>\n<li>Attache velcro pour l&#8217;emballage<\/li>\n<\/ul>\n","protected":false},"featured_media":33539,"template":"","meta":{"_crdt_document":""},"product_brand":[],"product_cat":[317],"product_tag":[],"class_list":{"0":"post-33545","1":"product","2":"type-product","3":"status-publish","4":"has-post-thumbnail","6":"product_cat-connexion-tether","8":"first","9":"instock","10":"taxable","11":"shipping-taxable","12":"purchasable","13":"product-type-variable"},"_links":{"self":[{"href":"https:\/\/shop.swissphotoclub.com\/fr\/wp-json\/wp\/v2\/product\/33545","targetHints":{"allow":["GET"]}}],"collection":[{"href":"https:\/\/shop.swissphotoclub.com\/fr\/wp-json\/wp\/v2\/product"}],"about":[{"href":"https:\/\/shop.swissphotoclub.com\/fr\/wp-json\/wp\/v2\/types\/product"}],"version-history":[{"count":0,"href":"https:\/\/shop.swissphotoclub.com\/fr\/wp-json\/wp\/v2\/product\/33545\/revisions"}],"wp:featuredmedia":[{"embeddable":true,"href":"https:\/\/shop.swissphotoclub.com\/fr\/wp-json\/wp\/v2\/media\/33539"}],"wp:attachment":[{"href":"https:\/\/shop.swissphotoclub.com\/fr\/wp-json\/wp\/v2\/media?parent=33545"}],"wp:term":[{"taxonomy":"product_brand","embeddable":true,"href":"https:\/\/shop.swissphotoclub.com\/fr\/wp-json\/wp\/v2\/product_brand?post=33545"},{"taxonomy":"product_cat","embeddable":true,"href":"https:\/\/shop.swissphotoclub.com\/fr\/wp-json\/wp\/v2\/product_cat?post=33545"},{"taxonomy":"product_tag","embeddable":true,"href":"https:\/\/shop.swissphotoclub.com\/fr\/wp-json\/wp\/v2\/product_tag?post=33545"}],"curies":[{"name":"wp","href":"https:\/\/api.w.org\/{rel}","templated":true}]}}