{"id":33603,"date":"2024-12-10T10:15:03","date_gmt":"2024-12-10T09:15:03","guid":{"rendered":"https:\/\/shop.swissphotoclub.com\/?post_type=product&#038;p=33603"},"modified":"2024-12-10T10:24:57","modified_gmt":"2024-12-10T09:24:57","slug":"nisi-nd-kit-de-base-100mm","status":"publish","type":"product","link":"https:\/\/shop.swissphotoclub.com\/fr\/produit\/nisi-nd-kit-de-base-100mm\/","title":{"rendered":"Nisi ND Kit de base 100mm"},"content":{"rendered":"<p>1x Filtre NiSi ND8 0.9 (3 Stops) 100x100mm<br \/>\n1x Filtre NiSi ND64 1.8 (6 Stops) 100x100mm<br \/>\n1x Pochette NiSi pour filtres avec une capacit\u00e9 de 4 filtres ND 100x100mm<br \/>\n1x Chiffon de nettoyage<br \/>\n4x Joints en mousse ignifug\u00e9e pour filtres ND syst\u00e8me 100mm (100x100mm)<br \/>\n1x Guide d\u2019utilisation des filtres ND<\/p>\n<p><strong>Verre optique brevet\u00e9 NiSi de tr\u00e8s haute qualit\u00e9.<\/strong><br \/>\n<strong>Rev\u00eatement Multicouche Nano\u00ae :<\/strong><br \/>\n\u2013 Bloque la lumi\u00e8re infrarouge et \u00e9vite les dominantes magenta.<br \/>\n\u2013 Minimise les reflets ind\u00e9sirables.<br \/>\n\u2013 Rev\u00eatement hydrophobe et ol\u00e9ophobe, repoussant l\u2019eau et l\u2019huile.<br \/>\n\u2013 Rendu des couleurs neutres sans perte de d\u00e9tails.<\/p>\n<p><strong>Compatible avec les porte-filtres<\/strong> : V7, V6, V5 PRO, V5, V5 Alpha et d\u2019autres marques (Lee, Cokin ou Formatt Hitech).<br \/>\nFiltre 100x100mm, 2 mm d\u2019\u00e9paisseur.<br \/>\nMousse ignifug\u00e9e au dos du filtre pour \u00e9viter les fuites de lumi\u00e8re.<\/p>\n","protected":false},"excerpt":{"rendered":"<p>Nisi ND Kit de base 100mm<\/p>\n","protected":false},"featured_media":33605,"template":"","meta":{"_crdt_document":""},"product_brand":[],"product_cat":[250],"product_tag":[],"class_list":{"0":"post-33603","1":"product","2":"type-product","3":"status-publish","4":"has-post-thumbnail","6":"product_cat-filtre-photo","8":"first","9":"instock","10":"featured","11":"taxable","12":"shipping-taxable","13":"purchasable","14":"product-type-simple"},"_links":{"self":[{"href":"https:\/\/shop.swissphotoclub.com\/fr\/wp-json\/wp\/v2\/product\/33603","targetHints":{"allow":["GET"]}}],"collection":[{"href":"https:\/\/shop.swissphotoclub.com\/fr\/wp-json\/wp\/v2\/product"}],"about":[{"href":"https:\/\/shop.swissphotoclub.com\/fr\/wp-json\/wp\/v2\/types\/product"}],"version-history":[{"count":2,"href":"https:\/\/shop.swissphotoclub.com\/fr\/wp-json\/wp\/v2\/product\/33603\/revisions"}],"predecessor-version":[{"id":33614,"href":"https:\/\/shop.swissphotoclub.com\/fr\/wp-json\/wp\/v2\/product\/33603\/revisions\/33614"}],"wp:featuredmedia":[{"embeddable":true,"href":"https:\/\/shop.swissphotoclub.com\/fr\/wp-json\/wp\/v2\/media\/33605"}],"wp:attachment":[{"href":"https:\/\/shop.swissphotoclub.com\/fr\/wp-json\/wp\/v2\/media?parent=33603"}],"wp:term":[{"taxonomy":"product_brand","embeddable":true,"href":"https:\/\/shop.swissphotoclub.com\/fr\/wp-json\/wp\/v2\/product_brand?post=33603"},{"taxonomy":"product_cat","embeddable":true,"href":"https:\/\/shop.swissphotoclub.com\/fr\/wp-json\/wp\/v2\/product_cat?post=33603"},{"taxonomy":"product_tag","embeddable":true,"href":"https:\/\/shop.swissphotoclub.com\/fr\/wp-json\/wp\/v2\/product_tag?post=33603"}],"curies":[{"name":"wp","href":"https:\/\/api.w.org\/{rel}","templated":true}]}}