{"id":33846,"date":"2026-01-09T10:45:14","date_gmt":"2026-01-09T09:45:14","guid":{"rendered":"https:\/\/shop.swissphotoclub.com\/?post_type=product&#038;p=33846"},"modified":"2026-01-09T11:21:31","modified_gmt":"2026-01-09T10:21:31","slug":"adobe-lightroom","status":"publish","type":"product","link":"https:\/\/shop.swissphotoclub.com\/fr\/produit\/adobe-lightroom\/","title":{"rendered":"Adobe Lightroom &#038; Lightroom Classic"},"content":{"rendered":"<p><strong>Comprend Adobe Lightroom + Adobe Lightroom Classic + 1 To de stockage cloud.<\/strong><\/p>\n<ul>\n<li><strong>Lightroom (bas\u00e9 sur le cloud)<\/strong> : Une application moderne et adapt\u00e9e aux mobiles qui sauvegarde vos photos sur Internet pour vous permettre de les retoucher n&rsquo;importe o\u00f9, que ce soit sur votre t\u00e9l\u00e9phone, tablette ou ordinateur.<\/li>\n<li><strong>Lightroom Classic (pour ordinateur)<\/strong> : Le logiciel que nous recommandons \u00e0 tous les photographes. Un programme professionnel pour ordinateur qui conserve vos photos sur vos propres disques durs et propose des outils avanc\u00e9s pour la retouche de gros volumes d&rsquo;images et l&rsquo;impression.<\/li>\n<\/ul>\n<p>Les deux versions travaillent main dans la main : Lightroom Classic peut charger des photos sur le cloud afin que Lightroom puisse y acc\u00e9der facilement.<\/p>\n<p><strong>Fonctionnalit\u00e9s incluses :<\/strong><\/p>\n<ul>\n<li>Retouchez vos photos o\u00f9 que vous soyez gr\u00e2ce \u00e0 des m\u00e9thodes simples pour ajuster l&rsquo;exposition, les couleurs et bien plus encore.<\/li>\n<li>Sublimez vos plus beaux clich\u00e9s avec des outils de retouche con\u00e7us sp\u00e9cifiquement pour votre ordinateur.<\/li>\n<li>Acc\u00e8s complet : Tutoriels, polices, mod\u00e8les et plus encore.<\/li>\n<li>Stockage : 1 To de stockage cloud.<\/li>\n<li>IA G\u00e9n\u00e9rative : 25 cr\u00e9dits g\u00e9n\u00e9ratifs mensuels.<\/li>\n<\/ul>\n<p><strong>Comment utiliser ces logiciels<\/strong> :<\/p>\n<p><a href=\"https:\/\/swissphotoclub.com\/fr-ch\/cours#level6\" target=\"_blank\" rel=\"noopener\">Consultez nos cours de formation<\/a> pour apprendre \u00e0 ma\u00eetriser Lightroom ainsi que d&rsquo;autres logiciels de photographie.<\/p>\n","protected":false},"excerpt":{"rendered":"<ul>\n<li>Lightroom<\/li>\n<li>Lightroom Classic<\/li>\n<li>Tutoriels, polices, templates et bien plus encore<\/li>\n<li>1 To d\u2019espace de stockage dans le cloud<\/li>\n<li>25 cr\u00e9dits g\u00e9n\u00e9ratifs par mois<\/li>\n<\/ul>\n","protected":false},"featured_media":33850,"template":"","meta":{"_crdt_document":""},"product_brand":[],"product_cat":[247],"product_tag":[],"class_list":{"0":"post-33846","1":"product","2":"type-product","3":"status-publish","4":"has-post-thumbnail","6":"product_cat-logiciel","8":"first","9":"instock","10":"featured","11":"product-type-external"},"_links":{"self":[{"href":"https:\/\/shop.swissphotoclub.com\/fr\/wp-json\/wp\/v2\/product\/33846","targetHints":{"allow":["GET"]}}],"collection":[{"href":"https:\/\/shop.swissphotoclub.com\/fr\/wp-json\/wp\/v2\/product"}],"about":[{"href":"https:\/\/shop.swissphotoclub.com\/fr\/wp-json\/wp\/v2\/types\/product"}],"version-history":[{"count":5,"href":"https:\/\/shop.swissphotoclub.com\/fr\/wp-json\/wp\/v2\/product\/33846\/revisions"}],"predecessor-version":[{"id":33859,"href":"https:\/\/shop.swissphotoclub.com\/fr\/wp-json\/wp\/v2\/product\/33846\/revisions\/33859"}],"wp:featuredmedia":[{"embeddable":true,"href":"https:\/\/shop.swissphotoclub.com\/fr\/wp-json\/wp\/v2\/media\/33850"}],"wp:attachment":[{"href":"https:\/\/shop.swissphotoclub.com\/fr\/wp-json\/wp\/v2\/media?parent=33846"}],"wp:term":[{"taxonomy":"product_brand","embeddable":true,"href":"https:\/\/shop.swissphotoclub.com\/fr\/wp-json\/wp\/v2\/product_brand?post=33846"},{"taxonomy":"product_cat","embeddable":true,"href":"https:\/\/shop.swissphotoclub.com\/fr\/wp-json\/wp\/v2\/product_cat?post=33846"},{"taxonomy":"product_tag","embeddable":true,"href":"https:\/\/shop.swissphotoclub.com\/fr\/wp-json\/wp\/v2\/product_tag?post=33846"}],"curies":[{"name":"wp","href":"https:\/\/api.w.org\/{rel}","templated":true}]}}